{"id":1663,"date":"2018-02-07T06:56:49","date_gmt":"2018-02-07T05:56:49","guid":{"rendered":"https:\/\/bjorkebraten.joerrens.com\/umgebung\/"},"modified":"2023-05-10T13:51:42","modified_gmt":"2023-05-10T11:51:42","slug":"umgebung","status":"publish","type":"page","link":"https:\/\/www.bjorkebraten.com\/de\/umgebung\/","title":{"rendered":"Aktivit\u00e4ten &#038; Umgebung"},"content":{"rendered":"","protected":false},"excerpt":{"rendered":"","protected":false},"author":1,"featured_media":1363,"parent":0,"menu_order":0,"comment_status":"closed","ping_status":"closed","template":"omgivningar.php","meta":{"_acf_changed":false,"footnotes":""},"class_list":["post-1663","page","type-page","status-publish","has-post-thumbnail","hentry"],"acf":[],"yoast_head":"<!-- This site is optimized with the Yoast SEO plugin v27.4 - https:\/\/yoast.com\/product\/yoast-seo-wordpress\/ -->\n<title>Aktivit\u00e4ten &amp; Umgebung - Bj\u00f6rkebr\u00e5ten Log Cabins<\/title>\n<meta name=\"description\" content=\"Ferienh\u00e4user in Schweden - Blockh\u00e4user mit Kamin \u2713 Sauna \u2713 Hot Tube \u2713 See \u2713 Boot f\u00fcr Angler \u2713 Angelurlaub \u2713 Pool \u2713 Urlaub mit Hund \u2713 Haustiere erlaubt \u2713 Kanu fahren \u2713 Golfurlaub \u2713 Reiturlaub - Jetzt Deinen Urlaub in Sm\u00e5land buchen!\" \/>\n<meta name=\"robots\" content=\"index, follow, max-snippet:-1, max-image-preview:large, max-video-preview:-1\" \/>\n<link rel=\"canonical\" href=\"https:\/\/www.bjorkebraten.com\/de\/umgebung\/\" \/>\n<meta property=\"og:locale\" content=\"de_DE\" \/>\n<meta property=\"og:type\" content=\"article\" \/>\n<meta property=\"og:title\" content=\"Aktivit\u00e4ten &amp; Umgebung - Bj\u00f6rkebr\u00e5ten Log Cabins\" \/>\n<meta property=\"og:description\" content=\"Ferienh\u00e4user in Schweden - Blockh\u00e4user mit Kamin \u2713 Sauna \u2713 Hot Tube \u2713 See \u2713 Boot f\u00fcr Angler \u2713 Angelurlaub \u2713 Pool \u2713 Urlaub mit Hund \u2713 Haustiere erlaubt \u2713 Kanu fahren \u2713 Golfurlaub \u2713 Reiturlaub - Jetzt Deinen Urlaub in Sm\u00e5land buchen!\" \/>\n<meta property=\"og:url\" content=\"https:\/\/www.bjorkebraten.com\/de\/umgebung\/\" \/>\n<meta property=\"og:site_name\" content=\"Bj\u00f6rkebr\u00e5ten Log Cabins\" \/>\n<meta property=\"article:publisher\" content=\"https:\/\/www.facebook.com\/bjorkebratenlogcabins\/\" \/>\n<meta property=\"article:modified_time\" content=\"2023-05-10T11:51:42+00:00\" \/>\n<meta property=\"og:image\" content=\"https:\/\/www.bjorkebraten.com\/wp-content\/uploads\/2018\/02\/bjoerkebraten_surroundings.jpg\" \/>\n\t<meta property=\"og:image:width\" content=\"2000\" \/>\n\t<meta property=\"og:image:height\" content=\"1200\" \/>\n\t<meta property=\"og:image:type\" content=\"image\/jpeg\" \/>\n<meta name=\"twitter:card\" content=\"summary_large_image\" \/>\n<script type=\"application\/ld+json\" class=\"yoast-schema-graph\">{\"@context\":\"https:\\\/\\\/schema.org\",\"@graph\":[{\"@type\":\"WebPage\",\"@id\":\"https:\\\/\\\/www.bjorkebraten.com\\\/de\\\/umgebung\\\/\",\"url\":\"https:\\\/\\\/www.bjorkebraten.com\\\/de\\\/umgebung\\\/\",\"name\":\"Aktivit\u00e4ten & Umgebung - Bj\u00f6rkebr\u00e5ten Log Cabins\",\"isPartOf\":{\"@id\":\"https:\\\/\\\/www.bjorkebraten.com\\\/de\\\/#website\"},\"primaryImageOfPage\":{\"@id\":\"https:\\\/\\\/www.bjorkebraten.com\\\/de\\\/umgebung\\\/#primaryimage\"},\"image\":{\"@id\":\"https:\\\/\\\/www.bjorkebraten.com\\\/de\\\/umgebung\\\/#primaryimage\"},\"thumbnailUrl\":\"https:\\\/\\\/www.bjorkebraten.com\\\/wp-content\\\/uploads\\\/2018\\\/02\\\/bjoerkebraten_surroundings.jpg\",\"datePublished\":\"2018-02-07T05:56:49+00:00\",\"dateModified\":\"2023-05-10T11:51:42+00:00\",\"description\":\"Ferienh\u00e4user in Schweden - Blockh\u00e4user mit Kamin \u2713 Sauna \u2713 Hot Tube \u2713 See \u2713 Boot f\u00fcr Angler \u2713 Angelurlaub \u2713 Pool \u2713 Urlaub mit Hund \u2713 Haustiere erlaubt \u2713 Kanu fahren \u2713 Golfurlaub \u2713 Reiturlaub - Jetzt Deinen Urlaub in Sm\u00e5land buchen!\",\"breadcrumb\":{\"@id\":\"https:\\\/\\\/www.bjorkebraten.com\\\/de\\\/umgebung\\\/#breadcrumb\"},\"inLanguage\":\"de\",\"potentialAction\":[{\"@type\":\"ReadAction\",\"target\":[\"https:\\\/\\\/www.bjorkebraten.com\\\/de\\\/umgebung\\\/\"]}]},{\"@type\":\"ImageObject\",\"inLanguage\":\"de\",\"@id\":\"https:\\\/\\\/www.bjorkebraten.com\\\/de\\\/umgebung\\\/#primaryimage\",\"url\":\"https:\\\/\\\/www.bjorkebraten.com\\\/wp-content\\\/uploads\\\/2018\\\/02\\\/bjoerkebraten_surroundings.jpg\",\"contentUrl\":\"https:\\\/\\\/www.bjorkebraten.com\\\/wp-content\\\/uploads\\\/2018\\\/02\\\/bjoerkebraten_surroundings.jpg\",\"width\":2000,\"height\":1200,\"caption\":\"{:en}Surrounding{:}{:de}Umgebung{:}\"},{\"@type\":\"BreadcrumbList\",\"@id\":\"https:\\\/\\\/www.bjorkebraten.com\\\/de\\\/umgebung\\\/#breadcrumb\",\"itemListElement\":[{\"@type\":\"ListItem\",\"position\":1,\"name\":\"Home\",\"item\":\"https:\\\/\\\/www.bjorkebraten.com\\\/de\\\/\"},{\"@type\":\"ListItem\",\"position\":2,\"name\":\"Aktivit\u00e4ten &#038; Umgebung\"}]},{\"@type\":\"WebSite\",\"@id\":\"https:\\\/\\\/www.bjorkebraten.com\\\/de\\\/#website\",\"url\":\"https:\\\/\\\/www.bjorkebraten.com\\\/de\\\/\",\"name\":\"Bj\u00f6rkebr\u00e5ten Log Cabins\",\"description\":\"Blockhaus-Urlaub in Sm\u00e5land, Schweden\",\"publisher\":{\"@id\":\"https:\\\/\\\/www.bjorkebraten.com\\\/de\\\/#organization\"},\"potentialAction\":[{\"@type\":\"SearchAction\",\"target\":{\"@type\":\"EntryPoint\",\"urlTemplate\":\"https:\\\/\\\/www.bjorkebraten.com\\\/de\\\/?s={search_term_string}\"},\"query-input\":{\"@type\":\"PropertyValueSpecification\",\"valueRequired\":true,\"valueName\":\"search_term_string\"}}],\"inLanguage\":\"de\"},{\"@type\":\"Organization\",\"@id\":\"https:\\\/\\\/www.bjorkebraten.com\\\/de\\\/#organization\",\"name\":\"Bj\u00f6rkebr\u00e5ten Log Cabins\",\"url\":\"https:\\\/\\\/www.bjorkebraten.com\\\/de\\\/\",\"logo\":{\"@type\":\"ImageObject\",\"inLanguage\":\"de\",\"@id\":\"https:\\\/\\\/www.bjorkebraten.com\\\/de\\\/#\\\/schema\\\/logo\\\/image\\\/\",\"url\":\"https:\\\/\\\/www.bjorkebraten.com\\\/wp-content\\\/uploads\\\/2023\\\/05\\\/bjoerkebraten.png\",\"contentUrl\":\"https:\\\/\\\/www.bjorkebraten.com\\\/wp-content\\\/uploads\\\/2023\\\/05\\\/bjoerkebraten.png\",\"width\":524,\"height\":262,\"caption\":\"Bj\u00f6rkebr\u00e5ten Log Cabins\"},\"image\":{\"@id\":\"https:\\\/\\\/www.bjorkebraten.com\\\/de\\\/#\\\/schema\\\/logo\\\/image\\\/\"},\"sameAs\":[\"https:\\\/\\\/www.facebook.com\\\/bjorkebratenlogcabins\\\/\"]}]}<\/script>\n<!-- \/ Yoast SEO plugin. -->","yoast_head_json":{"title":"Aktivit\u00e4ten & Umgebung - Bj\u00f6rkebr\u00e5ten Log Cabins","description":"Ferienh\u00e4user in Schweden - Blockh\u00e4user mit Kamin \u2713 Sauna \u2713 Hot Tube \u2713 See \u2713 Boot f\u00fcr Angler \u2713 Angelurlaub \u2713 Pool \u2713 Urlaub mit Hund \u2713 Haustiere erlaubt \u2713 Kanu fahren \u2713 Golfurlaub \u2713 Reiturlaub - Jetzt Deinen Urlaub in Sm\u00e5land buchen!","robots":{"index":"index","follow":"follow","max-snippet":"max-snippet:-1","max-image-preview":"max-image-preview:large","max-video-preview":"max-video-preview:-1"},"canonical":"https:\/\/www.bjorkebraten.com\/de\/umgebung\/","og_locale":"de_DE","og_type":"article","og_title":"Aktivit\u00e4ten & Umgebung - Bj\u00f6rkebr\u00e5ten Log Cabins","og_description":"Ferienh\u00e4user in Schweden - Blockh\u00e4user mit Kamin \u2713 Sauna \u2713 Hot Tube \u2713 See \u2713 Boot f\u00fcr Angler \u2713 Angelurlaub \u2713 Pool \u2713 Urlaub mit Hund \u2713 Haustiere erlaubt \u2713 Kanu fahren \u2713 Golfurlaub \u2713 Reiturlaub - Jetzt Deinen Urlaub in Sm\u00e5land buchen!","og_url":"https:\/\/www.bjorkebraten.com\/de\/umgebung\/","og_site_name":"Bj\u00f6rkebr\u00e5ten Log Cabins","article_publisher":"https:\/\/www.facebook.com\/bjorkebratenlogcabins\/","article_modified_time":"2023-05-10T11:51:42+00:00","og_image":[{"width":2000,"height":1200,"url":"https:\/\/www.bjorkebraten.com\/wp-content\/uploads\/2018\/02\/bjoerkebraten_surroundings.jpg","type":"image\/jpeg"}],"twitter_card":"summary_large_image","schema":{"@context":"https:\/\/schema.org","@graph":[{"@type":"WebPage","@id":"https:\/\/www.bjorkebraten.com\/de\/umgebung\/","url":"https:\/\/www.bjorkebraten.com\/de\/umgebung\/","name":"Aktivit\u00e4ten & Umgebung - Bj\u00f6rkebr\u00e5ten Log Cabins","isPartOf":{"@id":"https:\/\/www.bjorkebraten.com\/de\/#website"},"primaryImageOfPage":{"@id":"https:\/\/www.bjorkebraten.com\/de\/umgebung\/#primaryimage"},"image":{"@id":"https:\/\/www.bjorkebraten.com\/de\/umgebung\/#primaryimage"},"thumbnailUrl":"https:\/\/www.bjorkebraten.com\/wp-content\/uploads\/2018\/02\/bjoerkebraten_surroundings.jpg","datePublished":"2018-02-07T05:56:49+00:00","dateModified":"2023-05-10T11:51:42+00:00","description":"Ferienh\u00e4user in Schweden - Blockh\u00e4user mit Kamin \u2713 Sauna \u2713 Hot Tube \u2713 See \u2713 Boot f\u00fcr Angler \u2713 Angelurlaub \u2713 Pool \u2713 Urlaub mit Hund \u2713 Haustiere erlaubt \u2713 Kanu fahren \u2713 Golfurlaub \u2713 Reiturlaub - Jetzt Deinen Urlaub in Sm\u00e5land buchen!","breadcrumb":{"@id":"https:\/\/www.bjorkebraten.com\/de\/umgebung\/#breadcrumb"},"inLanguage":"de","potentialAction":[{"@type":"ReadAction","target":["https:\/\/www.bjorkebraten.com\/de\/umgebung\/"]}]},{"@type":"ImageObject","inLanguage":"de","@id":"https:\/\/www.bjorkebraten.com\/de\/umgebung\/#primaryimage","url":"https:\/\/www.bjorkebraten.com\/wp-content\/uploads\/2018\/02\/bjoerkebraten_surroundings.jpg","contentUrl":"https:\/\/www.bjorkebraten.com\/wp-content\/uploads\/2018\/02\/bjoerkebraten_surroundings.jpg","width":2000,"height":1200,"caption":"{:en}Surrounding{:}{:de}Umgebung{:}"},{"@type":"BreadcrumbList","@id":"https:\/\/www.bjorkebraten.com\/de\/umgebung\/#breadcrumb","itemListElement":[{"@type":"ListItem","position":1,"name":"Home","item":"https:\/\/www.bjorkebraten.com\/de\/"},{"@type":"ListItem","position":2,"name":"Aktivit\u00e4ten &#038; Umgebung"}]},{"@type":"WebSite","@id":"https:\/\/www.bjorkebraten.com\/de\/#website","url":"https:\/\/www.bjorkebraten.com\/de\/","name":"Bj\u00f6rkebr\u00e5ten Log Cabins","description":"Blockhaus-Urlaub in Sm\u00e5land, Schweden","publisher":{"@id":"https:\/\/www.bjorkebraten.com\/de\/#organization"},"potentialAction":[{"@type":"SearchAction","target":{"@type":"EntryPoint","urlTemplate":"https:\/\/www.bjorkebraten.com\/de\/?s={search_term_string}"},"query-input":{"@type":"PropertyValueSpecification","valueRequired":true,"valueName":"search_term_string"}}],"inLanguage":"de"},{"@type":"Organization","@id":"https:\/\/www.bjorkebraten.com\/de\/#organization","name":"Bj\u00f6rkebr\u00e5ten Log Cabins","url":"https:\/\/www.bjorkebraten.com\/de\/","logo":{"@type":"ImageObject","inLanguage":"de","@id":"https:\/\/www.bjorkebraten.com\/de\/#\/schema\/logo\/image\/","url":"https:\/\/www.bjorkebraten.com\/wp-content\/uploads\/2023\/05\/bjoerkebraten.png","contentUrl":"https:\/\/www.bjorkebraten.com\/wp-content\/uploads\/2023\/05\/bjoerkebraten.png","width":524,"height":262,"caption":"Bj\u00f6rkebr\u00e5ten Log Cabins"},"image":{"@id":"https:\/\/www.bjorkebraten.com\/de\/#\/schema\/logo\/image\/"},"sameAs":["https:\/\/www.facebook.com\/bjorkebratenlogcabins\/"]}]}},"_links":{"self":[{"href":"https:\/\/www.bjorkebraten.com\/de\/wp-json\/wp\/v2\/pages\/1663","targetHints":{"allow":["GET"]}}],"collection":[{"href":"https:\/\/www.bjorkebraten.com\/de\/wp-json\/wp\/v2\/pages"}],"about":[{"href":"https:\/\/www.bjorkebraten.com\/de\/wp-json\/wp\/v2\/types\/page"}],"author":[{"embeddable":true,"href":"https:\/\/www.bjorkebraten.com\/de\/wp-json\/wp\/v2\/users\/1"}],"replies":[{"embeddable":true,"href":"https:\/\/www.bjorkebraten.com\/de\/wp-json\/wp\/v2\/comments?post=1663"}],"version-history":[{"count":4,"href":"https:\/\/www.bjorkebraten.com\/de\/wp-json\/wp\/v2\/pages\/1663\/revisions"}],"predecessor-version":[{"id":1742,"href":"https:\/\/www.bjorkebraten.com\/de\/wp-json\/wp\/v2\/pages\/1663\/revisions\/1742"}],"wp:featuredmedia":[{"embeddable":true,"href":"https:\/\/www.bjorkebraten.com\/de\/wp-json\/wp\/v2\/media\/1363"}],"wp:attachment":[{"href":"https:\/\/www.bjorkebraten.com\/de\/wp-json\/wp\/v2\/media?parent=1663"}],"curies":[{"name":"wp","href":"https:\/\/api.w.org\/{rel}","templated":true}]}}