{"id":1667,"date":"2018-02-07T06:55:34","date_gmt":"2018-02-07T05:55:34","guid":{"rendered":"https:\/\/bjorkebraten.joerrens.com\/kontakt\/"},"modified":"2026-04-27T08:06:54","modified_gmt":"2026-04-27T06:06:54","slug":"kontakt","status":"publish","type":"page","link":"https:\/\/www.bjorkebraten.com\/de\/kontakt\/","title":{"rendered":"Kontakt"},"content":{"rendered":"\n<p><strong>Bj\u00f6rkebr\u00e5ten Log Cabins<\/strong><br>Mike und Solly Woods<br>Bjorkebraten 1<br>362 96 Ryd, Schweden<br><a href=\"mailto:hej@bjorkebraten.com\">hej@bjorkebraten.com<\/a><br><br>Du m\u00f6chtest eine unverbindliche Anfrage stellen? Unser Anfrageformular findest du auf den jeweiligen Unterkunftsseiten.<\/p>\n\n\n\n<h2 class=\"wp-block-heading\"><strong>So finden Sie uns<\/strong><\/h2>\n\n\n\n<figure class=\"wp-block-image size-large\"><a href=\"https:\/\/www.google.com\/maps?ll=56.410212,14.735685&amp;z=16&amp;t=m&amp;hl=de-DE&amp;gl=US&amp;mapclient=embed&amp;cid=11452150547122432452\" target=\"_blank\" rel=\" noreferrer noopener\"><img loading=\"lazy\" decoding=\"async\" width=\"1024\" height=\"549\" src=\"https:\/\/www.bjorkebraten.com\/wp-content\/uploads\/2026\/04\/map-bjorkebraten-1024x549.png\" alt=\"\" class=\"wp-image-2230\" srcset=\"https:\/\/www.bjorkebraten.com\/wp-content\/uploads\/2026\/04\/map-bjorkebraten-1024x549.png 1024w, https:\/\/www.bjorkebraten.com\/wp-content\/uploads\/2026\/04\/map-bjorkebraten-300x161.png 300w, https:\/\/www.bjorkebraten.com\/wp-content\/uploads\/2026\/04\/map-bjorkebraten-768x411.png 768w, https:\/\/www.bjorkebraten.com\/wp-content\/uploads\/2026\/04\/map-bjorkebraten-1536x823.png 1536w, https:\/\/www.bjorkebraten.com\/wp-content\/uploads\/2026\/04\/map-bjorkebraten.png 1680w\" sizes=\"auto, (max-width: 1024px) 100vw, 1024px\" \/><\/a><\/figure>\n","protected":false},"excerpt":{"rendered":"<p>Bj\u00f6rkebr\u00e5ten Log CabinsMike und Solly WoodsBjorkebraten 1362 96 Ryd, Schwedenhej@bjorkebraten.com Du m\u00f6chtest eine unverbindliche Anfrage stellen? Unser Anfrageformular findest du auf den jeweiligen Unterkunftsseiten. So finden Sie uns<\/p>\n","protected":false},"author":1,"featured_media":0,"parent":0,"menu_order":0,"comment_status":"closed","ping_status":"closed","template":"","meta":{"_acf_changed":false,"footnotes":""},"class_list":["post-1667","page","type-page","status-publish","hentry"],"acf":[],"yoast_head":"<!-- This site is optimized with the Yoast SEO plugin v27.4 - https:\/\/yoast.com\/product\/yoast-seo-wordpress\/ -->\n<title>Kontakt - Bj\u00f6rkebr\u00e5ten Log Cabins<\/title>\n<meta name=\"description\" content=\"Ferienh\u00e4user in Schweden - Blockh\u00e4user mit Kamin \u2713 Sauna \u2713 Hot Tube \u2713 See \u2713 Boot f\u00fcr Angler \u2713 Angelurlaub \u2713 Pool \u2713 Urlaub mit Hund \u2713 Haustiere erlaubt \u2713 Kanu fahren \u2713 Golfurlaub \u2713 Reiturlaub - Jetzt Deinen Urlaub in Sm\u00e5land buchen!\" \/>\n<meta name=\"robots\" content=\"index, follow, max-snippet:-1, max-image-preview:large, max-video-preview:-1\" \/>\n<link rel=\"canonical\" href=\"https:\/\/www.bjorkebraten.com\/de\/kontakt\/\" \/>\n<meta property=\"og:locale\" content=\"de_DE\" \/>\n<meta property=\"og:type\" content=\"article\" \/>\n<meta property=\"og:title\" content=\"Kontakt - Bj\u00f6rkebr\u00e5ten Log Cabins\" \/>\n<meta property=\"og:description\" content=\"Ferienh\u00e4user in Schweden - Blockh\u00e4user mit Kamin \u2713 Sauna \u2713 Hot Tube \u2713 See \u2713 Boot f\u00fcr Angler \u2713 Angelurlaub \u2713 Pool \u2713 Urlaub mit Hund \u2713 Haustiere erlaubt \u2713 Kanu fahren \u2713 Golfurlaub \u2713 Reiturlaub - Jetzt Deinen Urlaub in Sm\u00e5land buchen!\" \/>\n<meta property=\"og:url\" content=\"https:\/\/www.bjorkebraten.com\/de\/kontakt\/\" \/>\n<meta property=\"og:site_name\" content=\"Bj\u00f6rkebr\u00e5ten Log Cabins\" \/>\n<meta property=\"article:publisher\" content=\"https:\/\/www.facebook.com\/bjorkebratenlogcabins\/\" \/>\n<meta property=\"article:modified_time\" content=\"2026-04-27T06:06:54+00:00\" \/>\n<meta property=\"og:image\" content=\"https:\/\/www.bjorkebraten.com\/wp-content\/uploads\/2026\/04\/map-bjorkebraten.png\" \/>\n\t<meta property=\"og:image:width\" content=\"1680\" \/>\n\t<meta property=\"og:image:height\" content=\"900\" \/>\n\t<meta property=\"og:image:type\" content=\"image\/png\" \/>\n<meta name=\"twitter:card\" content=\"summary_large_image\" \/>\n<meta name=\"twitter:label1\" content=\"Gesch\u00e4tzte Lesezeit\" \/>\n\t<meta name=\"twitter:data1\" content=\"1\u00a0Minute\" \/>\n<script type=\"application\/ld+json\" class=\"yoast-schema-graph\">{\"@context\":\"https:\\\/\\\/schema.org\",\"@graph\":[{\"@type\":\"WebPage\",\"@id\":\"https:\\\/\\\/www.bjorkebraten.com\\\/de\\\/kontakt\\\/\",\"url\":\"https:\\\/\\\/www.bjorkebraten.com\\\/de\\\/kontakt\\\/\",\"name\":\"Kontakt - Bj\u00f6rkebr\u00e5ten Log Cabins\",\"isPartOf\":{\"@id\":\"https:\\\/\\\/www.bjorkebraten.com\\\/de\\\/#website\"},\"primaryImageOfPage\":{\"@id\":\"https:\\\/\\\/www.bjorkebraten.com\\\/de\\\/kontakt\\\/#primaryimage\"},\"image\":{\"@id\":\"https:\\\/\\\/www.bjorkebraten.com\\\/de\\\/kontakt\\\/#primaryimage\"},\"thumbnailUrl\":\"https:\\\/\\\/www.bjorkebraten.com\\\/wp-content\\\/uploads\\\/2026\\\/04\\\/map-bjorkebraten-1024x549.png\",\"datePublished\":\"2018-02-07T05:55:34+00:00\",\"dateModified\":\"2026-04-27T06:06:54+00:00\",\"description\":\"Ferienh\u00e4user in Schweden - Blockh\u00e4user mit Kamin \u2713 Sauna \u2713 Hot Tube \u2713 See \u2713 Boot f\u00fcr Angler \u2713 Angelurlaub \u2713 Pool \u2713 Urlaub mit Hund \u2713 Haustiere erlaubt \u2713 Kanu fahren \u2713 Golfurlaub \u2713 Reiturlaub - Jetzt Deinen Urlaub in Sm\u00e5land buchen!\",\"breadcrumb\":{\"@id\":\"https:\\\/\\\/www.bjorkebraten.com\\\/de\\\/kontakt\\\/#breadcrumb\"},\"inLanguage\":\"de\",\"potentialAction\":[{\"@type\":\"ReadAction\",\"target\":[\"https:\\\/\\\/www.bjorkebraten.com\\\/de\\\/kontakt\\\/\"]}]},{\"@type\":\"ImageObject\",\"inLanguage\":\"de\",\"@id\":\"https:\\\/\\\/www.bjorkebraten.com\\\/de\\\/kontakt\\\/#primaryimage\",\"url\":\"https:\\\/\\\/www.bjorkebraten.com\\\/wp-content\\\/uploads\\\/2026\\\/04\\\/map-bjorkebraten-1024x549.png\",\"contentUrl\":\"https:\\\/\\\/www.bjorkebraten.com\\\/wp-content\\\/uploads\\\/2026\\\/04\\\/map-bjorkebraten-1024x549.png\"},{\"@type\":\"BreadcrumbList\",\"@id\":\"https:\\\/\\\/www.bjorkebraten.com\\\/de\\\/kontakt\\\/#breadcrumb\",\"itemListElement\":[{\"@type\":\"ListItem\",\"position\":1,\"name\":\"Home\",\"item\":\"https:\\\/\\\/www.bjorkebraten.com\\\/de\\\/\"},{\"@type\":\"ListItem\",\"position\":2,\"name\":\"Kontakt\"}]},{\"@type\":\"WebSite\",\"@id\":\"https:\\\/\\\/www.bjorkebraten.com\\\/de\\\/#website\",\"url\":\"https:\\\/\\\/www.bjorkebraten.com\\\/de\\\/\",\"name\":\"Bj\u00f6rkebr\u00e5ten Log Cabins\",\"description\":\"Blockhaus-Urlaub in Sm\u00e5land, Schweden\",\"publisher\":{\"@id\":\"https:\\\/\\\/www.bjorkebraten.com\\\/de\\\/#organization\"},\"potentialAction\":[{\"@type\":\"SearchAction\",\"target\":{\"@type\":\"EntryPoint\",\"urlTemplate\":\"https:\\\/\\\/www.bjorkebraten.com\\\/de\\\/?s={search_term_string}\"},\"query-input\":{\"@type\":\"PropertyValueSpecification\",\"valueRequired\":true,\"valueName\":\"search_term_string\"}}],\"inLanguage\":\"de\"},{\"@type\":\"Organization\",\"@id\":\"https:\\\/\\\/www.bjorkebraten.com\\\/de\\\/#organization\",\"name\":\"Bj\u00f6rkebr\u00e5ten Log Cabins\",\"url\":\"https:\\\/\\\/www.bjorkebraten.com\\\/de\\\/\",\"logo\":{\"@type\":\"ImageObject\",\"inLanguage\":\"de\",\"@id\":\"https:\\\/\\\/www.bjorkebraten.com\\\/de\\\/#\\\/schema\\\/logo\\\/image\\\/\",\"url\":\"https:\\\/\\\/www.bjorkebraten.com\\\/wp-content\\\/uploads\\\/2023\\\/05\\\/bjoerkebraten.png\",\"contentUrl\":\"https:\\\/\\\/www.bjorkebraten.com\\\/wp-content\\\/uploads\\\/2023\\\/05\\\/bjoerkebraten.png\",\"width\":524,\"height\":262,\"caption\":\"Bj\u00f6rkebr\u00e5ten Log Cabins\"},\"image\":{\"@id\":\"https:\\\/\\\/www.bjorkebraten.com\\\/de\\\/#\\\/schema\\\/logo\\\/image\\\/\"},\"sameAs\":[\"https:\\\/\\\/www.facebook.com\\\/bjorkebratenlogcabins\\\/\"]}]}<\/script>\n<!-- \/ Yoast SEO plugin. -->","yoast_head_json":{"title":"Kontakt - Bj\u00f6rkebr\u00e5ten Log Cabins","description":"Ferienh\u00e4user in Schweden - Blockh\u00e4user mit Kamin \u2713 Sauna \u2713 Hot Tube \u2713 See \u2713 Boot f\u00fcr Angler \u2713 Angelurlaub \u2713 Pool \u2713 Urlaub mit Hund \u2713 Haustiere erlaubt \u2713 Kanu fahren \u2713 Golfurlaub \u2713 Reiturlaub - Jetzt Deinen Urlaub in Sm\u00e5land buchen!","robots":{"index":"index","follow":"follow","max-snippet":"max-snippet:-1","max-image-preview":"max-image-preview:large","max-video-preview":"max-video-preview:-1"},"canonical":"https:\/\/www.bjorkebraten.com\/de\/kontakt\/","og_locale":"de_DE","og_type":"article","og_title":"Kontakt - Bj\u00f6rkebr\u00e5ten Log Cabins","og_description":"Ferienh\u00e4user in Schweden - Blockh\u00e4user mit Kamin \u2713 Sauna \u2713 Hot Tube \u2713 See \u2713 Boot f\u00fcr Angler \u2713 Angelurlaub \u2713 Pool \u2713 Urlaub mit Hund \u2713 Haustiere erlaubt \u2713 Kanu fahren \u2713 Golfurlaub \u2713 Reiturlaub - Jetzt Deinen Urlaub in Sm\u00e5land buchen!","og_url":"https:\/\/www.bjorkebraten.com\/de\/kontakt\/","og_site_name":"Bj\u00f6rkebr\u00e5ten Log Cabins","article_publisher":"https:\/\/www.facebook.com\/bjorkebratenlogcabins\/","article_modified_time":"2026-04-27T06:06:54+00:00","og_image":[{"width":1680,"height":900,"url":"https:\/\/www.bjorkebraten.com\/wp-content\/uploads\/2026\/04\/map-bjorkebraten.png","type":"image\/png"}],"twitter_card":"summary_large_image","twitter_misc":{"Gesch\u00e4tzte Lesezeit":"1\u00a0Minute"},"schema":{"@context":"https:\/\/schema.org","@graph":[{"@type":"WebPage","@id":"https:\/\/www.bjorkebraten.com\/de\/kontakt\/","url":"https:\/\/www.bjorkebraten.com\/de\/kontakt\/","name":"Kontakt - Bj\u00f6rkebr\u00e5ten Log Cabins","isPartOf":{"@id":"https:\/\/www.bjorkebraten.com\/de\/#website"},"primaryImageOfPage":{"@id":"https:\/\/www.bjorkebraten.com\/de\/kontakt\/#primaryimage"},"image":{"@id":"https:\/\/www.bjorkebraten.com\/de\/kontakt\/#primaryimage"},"thumbnailUrl":"https:\/\/www.bjorkebraten.com\/wp-content\/uploads\/2026\/04\/map-bjorkebraten-1024x549.png","datePublished":"2018-02-07T05:55:34+00:00","dateModified":"2026-04-27T06:06:54+00:00","description":"Ferienh\u00e4user in Schweden - Blockh\u00e4user mit Kamin \u2713 Sauna \u2713 Hot Tube \u2713 See \u2713 Boot f\u00fcr Angler \u2713 Angelurlaub \u2713 Pool \u2713 Urlaub mit Hund \u2713 Haustiere erlaubt \u2713 Kanu fahren \u2713 Golfurlaub \u2713 Reiturlaub - Jetzt Deinen Urlaub in Sm\u00e5land buchen!","breadcrumb":{"@id":"https:\/\/www.bjorkebraten.com\/de\/kontakt\/#breadcrumb"},"inLanguage":"de","potentialAction":[{"@type":"ReadAction","target":["https:\/\/www.bjorkebraten.com\/de\/kontakt\/"]}]},{"@type":"ImageObject","inLanguage":"de","@id":"https:\/\/www.bjorkebraten.com\/de\/kontakt\/#primaryimage","url":"https:\/\/www.bjorkebraten.com\/wp-content\/uploads\/2026\/04\/map-bjorkebraten-1024x549.png","contentUrl":"https:\/\/www.bjorkebraten.com\/wp-content\/uploads\/2026\/04\/map-bjorkebraten-1024x549.png"},{"@type":"BreadcrumbList","@id":"https:\/\/www.bjorkebraten.com\/de\/kontakt\/#breadcrumb","itemListElement":[{"@type":"ListItem","position":1,"name":"Home","item":"https:\/\/www.bjorkebraten.com\/de\/"},{"@type":"ListItem","position":2,"name":"Kontakt"}]},{"@type":"WebSite","@id":"https:\/\/www.bjorkebraten.com\/de\/#website","url":"https:\/\/www.bjorkebraten.com\/de\/","name":"Bj\u00f6rkebr\u00e5ten Log Cabins","description":"Blockhaus-Urlaub in Sm\u00e5land, Schweden","publisher":{"@id":"https:\/\/www.bjorkebraten.com\/de\/#organization"},"potentialAction":[{"@type":"SearchAction","target":{"@type":"EntryPoint","urlTemplate":"https:\/\/www.bjorkebraten.com\/de\/?s={search_term_string}"},"query-input":{"@type":"PropertyValueSpecification","valueRequired":true,"valueName":"search_term_string"}}],"inLanguage":"de"},{"@type":"Organization","@id":"https:\/\/www.bjorkebraten.com\/de\/#organization","name":"Bj\u00f6rkebr\u00e5ten Log Cabins","url":"https:\/\/www.bjorkebraten.com\/de\/","logo":{"@type":"ImageObject","inLanguage":"de","@id":"https:\/\/www.bjorkebraten.com\/de\/#\/schema\/logo\/image\/","url":"https:\/\/www.bjorkebraten.com\/wp-content\/uploads\/2023\/05\/bjoerkebraten.png","contentUrl":"https:\/\/www.bjorkebraten.com\/wp-content\/uploads\/2023\/05\/bjoerkebraten.png","width":524,"height":262,"caption":"Bj\u00f6rkebr\u00e5ten Log Cabins"},"image":{"@id":"https:\/\/www.bjorkebraten.com\/de\/#\/schema\/logo\/image\/"},"sameAs":["https:\/\/www.facebook.com\/bjorkebratenlogcabins\/"]}]}},"_links":{"self":[{"href":"https:\/\/www.bjorkebraten.com\/de\/wp-json\/wp\/v2\/pages\/1667","targetHints":{"allow":["GET"]}}],"collection":[{"href":"https:\/\/www.bjorkebraten.com\/de\/wp-json\/wp\/v2\/pages"}],"about":[{"href":"https:\/\/www.bjorkebraten.com\/de\/wp-json\/wp\/v2\/types\/page"}],"author":[{"embeddable":true,"href":"https:\/\/www.bjorkebraten.com\/de\/wp-json\/wp\/v2\/users\/1"}],"replies":[{"embeddable":true,"href":"https:\/\/www.bjorkebraten.com\/de\/wp-json\/wp\/v2\/comments?post=1667"}],"version-history":[{"count":6,"href":"https:\/\/www.bjorkebraten.com\/de\/wp-json\/wp\/v2\/pages\/1667\/revisions"}],"predecessor-version":[{"id":2270,"href":"https:\/\/www.bjorkebraten.com\/de\/wp-json\/wp\/v2\/pages\/1667\/revisions\/2270"}],"wp:attachment":[{"href":"https:\/\/www.bjorkebraten.com\/de\/wp-json\/wp\/v2\/media?parent=1667"}],"curies":[{"name":"wp","href":"https:\/\/api.w.org\/{rel}","templated":true}]}}