{"id":1746,"date":"2018-02-07T06:58:41","date_gmt":"2018-02-07T05:58:41","guid":{"rendered":"https:\/\/bjorkebraten.joerrens.com\/om-oss\/"},"modified":"2025-01-24T11:25:28","modified_gmt":"2025-01-24T10:25:28","slug":"om-oss","status":"publish","type":"page","link":"https:\/\/www.bjorkebraten.com\/sv\/om-oss\/","title":{"rendered":"Om oss"},"content":{"rendered":"\n<p>V\u00e4lkommen till sidan om oss \u2013 Ta reda p\u00e5 vilka vi \u00e4r, en svensk \u2013 skotsk familj.<\/p>\n\n\n\n<h2 class=\"wp-block-heading\"><strong>Mike Woods (1952)<\/strong><\/h2>\n\n\n\n<p>Det mesta av mitt vuxna liv var jag en bonde i Skottland gift med 4 vuxna barn 2 + 2. Vi s\u00e5lde g\u00e5rden och jag reste lite fr\u00e4mst till Australien. P\u00e5 ett hem bes\u00f6kte tr\u00e4ffade jag Solly och flyttade s\u00e5 sm\u00e5ningom till Sverige. Vi \u00e4r nu gifta med en dotter Lisa.   <\/p>\n\n\n\n<p>Till att b\u00f6rja med bodde vi i Sollys hus i Ryd men f\u00f6r 11 \u00e5r sedan k\u00f6pte vi en mycket nedslagen g\u00e5rd i Bj\u00f6rkebr\u00e5ten 7 km utanf\u00f6r Ryd, vi renoverade huset och flyttade senare ut f\u00f6r att kunna bo p\u00e5 landet det var n\u00e5got nytt f\u00f6r Solly men hon lyckades bra och hon \u00e4lskar sin tr\u00e4dg\u00e5rd. Vi ville f\u00f6rs\u00f6ka utveckla ett turistf\u00f6retag p\u00e5 g\u00e5rden och byggde v\u00e5r f\u00f6rsta timmerstuga \u00e5r 2009. We wanted to try and develop a tourist business on the farm and built our first log cabin in 2009. <\/p>\n\n\n\n<p>Stugorna har visat sig vara v\u00e4ldigt popul\u00e4ra, under \u00e5ren har vi byggt 3 st stugor och hoppas snart p\u00e5 att bygga klart stuga 3. Tanken \u00e4r att ge m\u00e4nniskor en plats i eller n\u00e4ra skogarna och sj\u00f6arna med ett modernt k\u00f6k, toalett, Wi-Fi, TV, etc. <\/p>\n\n\n\n\n\t\t<style type=\"text\/css\">\n\t\t\t#gallery-1 {\n\t\t\t\tmargin: auto;\n\t\t\t}\n\t\t\t#gallery-1 .gallery-item {\n\t\t\t\tfloat: left;\n\t\t\t\tmargin-top: 10px;\n\t\t\t\ttext-align: center;\n\t\t\t\twidth: 33%;\n\t\t\t}\n\t\t\t#gallery-1 img {\n\t\t\t\tborder: 2px solid #cfcfcf;\n\t\t\t}\n\t\t\t#gallery-1 .gallery-caption {\n\t\t\t\tmargin-left: 0;\n\t\t\t}\n\t\t\t\/* see gallery_shortcode() in wp-includes\/media.php *\/\n\t\t<\/style>\n\t\t<div id='gallery-1' class='gallery galleryid-1746 gallery-columns-3 gallery-size-thumbnail'><dl class='gallery-item'>\n\t\t\t<dt class='gallery-icon landscape'>\n\t\t\t\t<a href='https:\/\/www.bjorkebraten.com\/sv\/gopr0752-633x475-2\/'><img loading=\"lazy\" decoding=\"async\" width=\"150\" height=\"150\" src=\"https:\/\/www.bjorkebraten.com\/wp-content\/uploads\/2024\/04\/GOPR0752-633x475-1-150x150.jpg\" class=\"attachment-thumbnail size-thumbnail\" alt=\"\" \/><\/a>\n\t\t\t<\/dt><\/dl><dl class='gallery-item'>\n\t\t\t<dt class='gallery-icon landscape'>\n\t\t\t\t<a href='https:\/\/www.bjorkebraten.com\/sv\/pool-sept-09-018-2\/'><img loading=\"lazy\" decoding=\"async\" width=\"150\" height=\"150\" src=\"https:\/\/www.bjorkebraten.com\/wp-content\/uploads\/2018\/02\/Pool-Sept-09-018-150x150.jpg\" class=\"attachment-thumbnail size-thumbnail\" alt=\"Lisa\" aria-describedby=\"gallery-1-1528\" srcset=\"https:\/\/www.bjorkebraten.com\/wp-content\/uploads\/2018\/02\/Pool-Sept-09-018-150x150.jpg 150w, https:\/\/www.bjorkebraten.com\/wp-content\/uploads\/2018\/02\/Pool-Sept-09-018-100x100.jpg 100w\" sizes=\"auto, (max-width: 150px) 100vw, 150px\" \/><\/a>\n\t\t\t<\/dt>\n\t\t\t\t<dd class='wp-caption-text gallery-caption' id='gallery-1-1528'>\n\t\t\t\t{:en}Lisa{:}{:de}Lisa{:}{:se}Lisa{:}\n\t\t\t\t<\/dd><\/dl><dl class='gallery-item'>\n\t\t\t<dt class='gallery-icon portrait'>\n\t\t\t\t<a href='https:\/\/www.bjorkebraten.com\/sv\/stuga-1-6-large-2\/'><img loading=\"lazy\" decoding=\"async\" width=\"150\" height=\"150\" src=\"https:\/\/www.bjorkebraten.com\/wp-content\/uploads\/2018\/02\/STUGA-1-6-Large-150x150.jpg\" class=\"attachment-thumbnail size-thumbnail\" alt=\"Lisa in Hot Tube \/ Hot Tube mit Lisa\" aria-describedby=\"gallery-1-1464\" srcset=\"https:\/\/www.bjorkebraten.com\/wp-content\/uploads\/2018\/02\/STUGA-1-6-Large-150x150.jpg 150w, https:\/\/www.bjorkebraten.com\/wp-content\/uploads\/2018\/02\/STUGA-1-6-Large-100x100.jpg 100w\" sizes=\"auto, (max-width: 150px) 100vw, 150px\" \/><\/a>\n\t\t\t<\/dt>\n\t\t\t\t<dd class='wp-caption-text gallery-caption' id='gallery-1-1464'>\n\t\t\t\t{:en}Lisa in Hot Tube{:}{:de}Hot Tube mit Lisa{:}\n\t\t\t\t<\/dd><\/dl><br style=\"clear: both\" \/><dl class='gallery-item'>\n\t\t\t<dt class='gallery-icon portrait'>\n\t\t\t\t<a href='https:\/\/www.bjorkebraten.com\/sv\/mikes-iphone-128-2\/'><img loading=\"lazy\" decoding=\"async\" width=\"150\" height=\"150\" src=\"https:\/\/www.bjorkebraten.com\/wp-content\/uploads\/2018\/02\/Mikes-iphone-128-150x150.jpg\" class=\"attachment-thumbnail size-thumbnail\" alt=\"New arrivals :)\" aria-describedby=\"gallery-1-1454\" srcset=\"https:\/\/www.bjorkebraten.com\/wp-content\/uploads\/2018\/02\/Mikes-iphone-128-150x150.jpg 150w, https:\/\/www.bjorkebraten.com\/wp-content\/uploads\/2018\/02\/Mikes-iphone-128-100x100.jpg 100w\" sizes=\"auto, (max-width: 150px) 100vw, 150px\" \/><\/a>\n\t\t\t<\/dt>\n\t\t\t\t<dd class='wp-caption-text gallery-caption' id='gallery-1-1454'>\n\t\t\t\t{:en}Highland Cows{:}{:de}Highland K\u00fche{:}\n\t\t\t\t<\/dd><\/dl><dl class='gallery-item'>\n\t\t\t<dt class='gallery-icon landscape'>\n\t\t\t\t<a href='https:\/\/www.bjorkebraten.com\/sv\/iphone-29nov-2015-091-2\/'><img loading=\"lazy\" decoding=\"async\" width=\"150\" height=\"150\" src=\"https:\/\/www.bjorkebraten.com\/wp-content\/uploads\/2018\/02\/Iphone-29nov-2015-091-150x150.jpg\" class=\"attachment-thumbnail size-thumbnail\" alt=\"Highland cows\" aria-describedby=\"gallery-1-1448\" srcset=\"https:\/\/www.bjorkebraten.com\/wp-content\/uploads\/2018\/02\/Iphone-29nov-2015-091-150x150.jpg 150w, https:\/\/www.bjorkebraten.com\/wp-content\/uploads\/2018\/02\/Iphone-29nov-2015-091-100x100.jpg 100w\" sizes=\"auto, (max-width: 150px) 100vw, 150px\" \/><\/a>\n\t\t\t<\/dt>\n\t\t\t\t<dd class='wp-caption-text gallery-caption' id='gallery-1-1448'>\n\t\t\t\t{:en}Highland Cows{:}{:de}Highland K\u00fche{:}\n\t\t\t\t<\/dd><\/dl><dl class='gallery-item'>\n\t\t\t<dt class='gallery-icon portrait'>\n\t\t\t\t<a href='https:\/\/www.bjorkebraten.com\/sv\/iphone-29nov-2015-058-2\/'><img loading=\"lazy\" decoding=\"async\" width=\"150\" height=\"150\" src=\"https:\/\/www.bjorkebraten.com\/wp-content\/uploads\/2018\/02\/Iphone-29nov-2015-058-150x150.jpg\" class=\"attachment-thumbnail size-thumbnail\" alt=\"Highland cows\" aria-describedby=\"gallery-1-1446\" srcset=\"https:\/\/www.bjorkebraten.com\/wp-content\/uploads\/2018\/02\/Iphone-29nov-2015-058-150x150.jpg 150w, https:\/\/www.bjorkebraten.com\/wp-content\/uploads\/2018\/02\/Iphone-29nov-2015-058-100x100.jpg 100w\" sizes=\"auto, (max-width: 150px) 100vw, 150px\" \/><\/a>\n\t\t\t<\/dt>\n\t\t\t\t<dd class='wp-caption-text gallery-caption' id='gallery-1-1446'>\n\t\t\t\t{:en}Highland Cows{:}{:de}Highland K\u00fche{:}\n\t\t\t\t<\/dd><\/dl><br style=\"clear: both\" \/><dl class='gallery-item'>\n\t\t\t<dt class='gallery-icon landscape'>\n\t\t\t\t<a href='https:\/\/www.bjorkebraten.com\/sv\/bjoerkebraten-3\/'><img loading=\"lazy\" decoding=\"async\" width=\"150\" height=\"150\" src=\"https:\/\/www.bjorkebraten.com\/wp-content\/uploads\/2018\/02\/bjoerkebraten-150x150.jpg\" class=\"attachment-thumbnail size-thumbnail\" alt=\"Bj\u00f6erkebr\u00e5ten\" aria-describedby=\"gallery-1-1434\" srcset=\"https:\/\/www.bjorkebraten.com\/wp-content\/uploads\/2018\/02\/bjoerkebraten-150x150.jpg 150w, https:\/\/www.bjorkebraten.com\/wp-content\/uploads\/2018\/02\/bjoerkebraten-100x100.jpg 100w\" sizes=\"auto, (max-width: 150px) 100vw, 150px\" \/><\/a>\n\t\t\t<\/dt>\n\t\t\t\t<dd class='wp-caption-text gallery-caption' id='gallery-1-1434'>\n\t\t\t\tLocation \n\t\t\t\t<\/dd><\/dl><dl class='gallery-item'>\n\t\t\t<dt class='gallery-icon portrait'>\n\t\t\t\t<a href='https:\/\/www.bjorkebraten.com\/sv\/expert-2\/'><img loading=\"lazy\" decoding=\"async\" width=\"150\" height=\"150\" src=\"https:\/\/www.bjorkebraten.com\/wp-content\/uploads\/2018\/02\/Expert-150x150.jpg\" class=\"attachment-thumbnail size-thumbnail\" alt=\"Mike, the flyfishing expert \/ Mike, der Fliegenfischer Profi\" aria-describedby=\"gallery-1-1406\" srcset=\"https:\/\/www.bjorkebraten.com\/wp-content\/uploads\/2018\/02\/Expert-150x150.jpg 150w, https:\/\/www.bjorkebraten.com\/wp-content\/uploads\/2018\/02\/Expert-100x100.jpg 100w\" sizes=\"auto, (max-width: 150px) 100vw, 150px\" \/><\/a>\n\t\t\t<\/dt>\n\t\t\t\t<dd class='wp-caption-text gallery-caption' id='gallery-1-1406'>\n\t\t\t\t{:en}Mike, the flyfishing expert {:}{:de}Mike, der Fliegenfischer Profi{:}\n\t\t\t\t<\/dd><\/dl><dl class='gallery-item'>\n\t\t\t<dt class='gallery-icon landscape'>\n\t\t\t\t<a href='https:\/\/www.bjorkebraten.com\/sv\/img_5901-2\/'><img loading=\"lazy\" decoding=\"async\" width=\"150\" height=\"150\" src=\"https:\/\/www.bjorkebraten.com\/wp-content\/uploads\/2018\/02\/IMG_5901-150x150.jpg\" class=\"attachment-thumbnail size-thumbnail\" alt=\"\" srcset=\"https:\/\/www.bjorkebraten.com\/wp-content\/uploads\/2018\/02\/IMG_5901-150x150.jpg 150w, https:\/\/www.bjorkebraten.com\/wp-content\/uploads\/2018\/02\/IMG_5901-100x100.jpg 100w\" sizes=\"auto, (max-width: 150px) 100vw, 150px\" \/><\/a>\n\t\t\t<\/dt><\/dl><br style=\"clear: both\" \/><dl class='gallery-item'>\n\t\t\t<dt class='gallery-icon landscape'>\n\t\t\t\t<a href='https:\/\/www.bjorkebraten.com\/sv\/damm-bjoerkebraten-2\/'><img loading=\"lazy\" decoding=\"async\" width=\"150\" height=\"150\" src=\"https:\/\/www.bjorkebraten.com\/wp-content\/uploads\/2018\/02\/Damm-Bjoerkebraten-1-150x150.jpg\" class=\"attachment-thumbnail size-thumbnail\" alt=\"Our own quiet fishing dam \/ Unser idyllischer Angelteich auf Bjo\u0308rkebra\u030aten\" aria-describedby=\"gallery-1-1558\" srcset=\"https:\/\/www.bjorkebraten.com\/wp-content\/uploads\/2018\/02\/Damm-Bjoerkebraten-1-150x150.jpg 150w, https:\/\/www.bjorkebraten.com\/wp-content\/uploads\/2018\/02\/Damm-Bjoerkebraten-1-100x100.jpg 100w\" sizes=\"auto, (max-width: 150px) 100vw, 150px\" \/><\/a>\n\t\t\t<\/dt>\n\t\t\t\t<dd class='wp-caption-text gallery-caption' id='gallery-1-1558'>\n\t\t\t\t{:en}Our own quiet fishing dam {:}{:de}Unser idyllischer Angelteich auf Bjo\u0308rkebra\u030aten{:}\n\t\t\t\t<\/dd><\/dl>\n\t\t\t<br style='clear: both' \/>\n\t\t<\/div>\n\n\n\n\n<h2 class=\"wp-block-heading\"><strong>Solly Woods (1961) <\/strong><\/h2>\n\n\n\n<p>Solly \u00e4r f\u00f6dd i \u00c5hus, s\u00f6dra Sverige. Hennes mamma kom fr\u00e5n \u00d6sterrike och hennes pappa kom fr\u00e5n Sverige. Pappan var sj\u00f6kapten s\u00e5 familjen hade m\u00f6jlighet att f\u00f6lja med p\u00e5 b\u00e5tarna \u00f6ver hela v\u00e4rlden fram till Solly b\u00f6rjade skolan vid sex \u00e5rs \u00e5lder. Mamman var idrottsl\u00e4rare och Solly f\u00f6ljde i samma sp\u00e5r och efter avslutade studier p\u00e5 GIH i Wien, \u00d6sterrike har hon undervisat i \u00e4mnet idrott och h\u00e4lsa. \u00c4r p\u00e5 tre av de n\u00e4rliggande skolorna.    <\/p>\n\n\n\n<h2 class=\"wp-block-heading\"><strong>Lisa Woods (2001)<\/strong><\/h2>\n\n\n\n<p>Lisa studerar f\u00f6r n\u00e4rvarande teknik i Karlshamn med en id\u00e9 att bli arkitekt. Hon \u00e4lskar sitt nya college d\u00e4r hon kommer studerar under de n\u00e4rmaste 2\u00bd \u00e5ren. Innan detta gick hon 10 \u00e5r i skolan i v\u00e5r n\u00e4rmaste by Ryd. Hon \u00e4r mycket bra p\u00e5 idrott och spelar tennis och fotboll i Karlshamn.   <\/p>\n","protected":false},"excerpt":{"rendered":"<p>V\u00e4lkommen till sidan om oss \u2013 Ta reda p\u00e5 vilka vi \u00e4r, en svensk \u2013 skotsk familj. Mike Woods (1952) Det mesta av mitt vuxna liv var jag en bonde i Skottland gift med 4 vuxna barn 2 + 2. Vi s\u00e5lde g\u00e5rden och jag reste lite fr\u00e4mst till Australien. P\u00e5 ett hem bes\u00f6kte tr\u00e4ffade [&hellip;]<\/p>\n","protected":false},"author":1,"featured_media":0,"parent":0,"menu_order":0,"comment_status":"closed","ping_status":"closed","template":"","meta":{"_acf_changed":false,"footnotes":""},"class_list":["post-1746","page","type-page","status-publish","hentry"],"acf":[],"yoast_head":"<!-- This site is optimized with the Yoast SEO plugin v27.4 - https:\/\/yoast.com\/product\/yoast-seo-wordpress\/ -->\n<title>Om oss - Bj\u00f6rkebr\u00e5ten Log Cabins<\/title>\n<meta name=\"description\" content=\"Bj\u00f6rkebraten Log Cabins \u2713 Bes\u00f6k Sverige \u2713 Fritidshus med braskamin \u2713 Semester med hund \u2713 Bastu \u2713 \u00d6stersj\u00f6n \u2713 Karlshamn \u2713 Badtunna \u2713 Fiske vid sj\u00f6arna \u2713 B\u00e5t \u2713 Natur \u2713 Sj\u00f6ar \u2713 Husdjur till\u00e5tna - Boka din semester i Sverige nu!\" \/>\n<meta name=\"robots\" content=\"index, follow, max-snippet:-1, max-image-preview:large, max-video-preview:-1\" \/>\n<link rel=\"canonical\" href=\"https:\/\/www.bjorkebraten.com\/sv\/om-oss\/\" \/>\n<meta property=\"og:locale\" content=\"sv_SE\" \/>\n<meta property=\"og:type\" content=\"article\" \/>\n<meta property=\"og:title\" content=\"Om oss - Bj\u00f6rkebr\u00e5ten Log Cabins\" \/>\n<meta property=\"og:description\" content=\"Bj\u00f6rkebraten Log Cabins \u2713 Bes\u00f6k Sverige \u2713 Fritidshus med braskamin \u2713 Semester med hund \u2713 Bastu \u2713 \u00d6stersj\u00f6n \u2713 Karlshamn \u2713 Badtunna \u2713 Fiske vid sj\u00f6arna \u2713 B\u00e5t \u2713 Natur \u2713 Sj\u00f6ar \u2713 Husdjur till\u00e5tna - Boka din semester i Sverige nu!\" \/>\n<meta property=\"og:url\" content=\"https:\/\/www.bjorkebraten.com\/sv\/om-oss\/\" \/>\n<meta property=\"og:site_name\" content=\"Bj\u00f6rkebr\u00e5ten Log Cabins\" \/>\n<meta property=\"article:publisher\" content=\"https:\/\/www.facebook.com\/bjorkebratenlogcabins\/\" \/>\n<meta property=\"article:modified_time\" content=\"2025-01-24T10:25:28+00:00\" \/>\n<meta property=\"og:image\" content=\"https:\/\/www.bjorkebraten.com\/wp-content\/uploads\/2024\/04\/GOPR0752-633x475-1.jpg\" \/>\n<meta name=\"twitter:card\" content=\"summary_large_image\" \/>\n<meta name=\"twitter:label1\" content=\"Ber\u00e4knad l\u00e4stid\" \/>\n\t<meta name=\"twitter:data1\" content=\"2 minuter\" \/>\n<script type=\"application\/ld+json\" class=\"yoast-schema-graph\">{\"@context\":\"https:\\\/\\\/schema.org\",\"@graph\":[{\"@type\":\"WebPage\",\"@id\":\"https:\\\/\\\/www.bjorkebraten.com\\\/sv\\\/om-oss\\\/\",\"url\":\"https:\\\/\\\/www.bjorkebraten.com\\\/sv\\\/om-oss\\\/\",\"name\":\"Om oss - Bj\u00f6rkebr\u00e5ten Log Cabins\",\"isPartOf\":{\"@id\":\"https:\\\/\\\/www.bjorkebraten.com\\\/sv\\\/#website\"},\"datePublished\":\"2018-02-07T05:58:41+00:00\",\"dateModified\":\"2025-01-24T10:25:28+00:00\",\"description\":\"Bj\u00f6rkebraten Log Cabins \u2713 Bes\u00f6k Sverige \u2713 Fritidshus med braskamin \u2713 Semester med hund \u2713 Bastu \u2713 \u00d6stersj\u00f6n \u2713 Karlshamn \u2713 Badtunna \u2713 Fiske vid sj\u00f6arna \u2713 B\u00e5t \u2713 Natur \u2713 Sj\u00f6ar \u2713 Husdjur till\u00e5tna - Boka din semester i Sverige nu!\",\"breadcrumb\":{\"@id\":\"https:\\\/\\\/www.bjorkebraten.com\\\/sv\\\/om-oss\\\/#breadcrumb\"},\"inLanguage\":\"sv-SE\",\"potentialAction\":[{\"@type\":\"ReadAction\",\"target\":[\"https:\\\/\\\/www.bjorkebraten.com\\\/sv\\\/om-oss\\\/\"]}]},{\"@type\":\"BreadcrumbList\",\"@id\":\"https:\\\/\\\/www.bjorkebraten.com\\\/sv\\\/om-oss\\\/#breadcrumb\",\"itemListElement\":[{\"@type\":\"ListItem\",\"position\":1,\"name\":\"Home\",\"item\":\"https:\\\/\\\/www.bjorkebraten.com\\\/sv\\\/\"},{\"@type\":\"ListItem\",\"position\":2,\"name\":\"Om oss\"}]},{\"@type\":\"WebSite\",\"@id\":\"https:\\\/\\\/www.bjorkebraten.com\\\/sv\\\/#website\",\"url\":\"https:\\\/\\\/www.bjorkebraten.com\\\/sv\\\/\",\"name\":\"Bj\u00f6rkebr\u00e5ten Log Cabins\",\"description\":\"Stugsemester i Sm\u00e5land, Sverige\",\"publisher\":{\"@id\":\"https:\\\/\\\/www.bjorkebraten.com\\\/sv\\\/#organization\"},\"potentialAction\":[{\"@type\":\"SearchAction\",\"target\":{\"@type\":\"EntryPoint\",\"urlTemplate\":\"https:\\\/\\\/www.bjorkebraten.com\\\/sv\\\/?s={search_term_string}\"},\"query-input\":{\"@type\":\"PropertyValueSpecification\",\"valueRequired\":true,\"valueName\":\"search_term_string\"}}],\"inLanguage\":\"sv-SE\"},{\"@type\":\"Organization\",\"@id\":\"https:\\\/\\\/www.bjorkebraten.com\\\/sv\\\/#organization\",\"name\":\"Bj\u00f6rkebr\u00e5ten Log Cabins\",\"url\":\"https:\\\/\\\/www.bjorkebraten.com\\\/sv\\\/\",\"logo\":{\"@type\":\"ImageObject\",\"inLanguage\":\"sv-SE\",\"@id\":\"https:\\\/\\\/www.bjorkebraten.com\\\/sv\\\/#\\\/schema\\\/logo\\\/image\\\/\",\"url\":\"https:\\\/\\\/www.bjorkebraten.com\\\/wp-content\\\/uploads\\\/2023\\\/05\\\/bjoerkebraten.png\",\"contentUrl\":\"https:\\\/\\\/www.bjorkebraten.com\\\/wp-content\\\/uploads\\\/2023\\\/05\\\/bjoerkebraten.png\",\"width\":524,\"height\":262,\"caption\":\"Bj\u00f6rkebr\u00e5ten Log Cabins\"},\"image\":{\"@id\":\"https:\\\/\\\/www.bjorkebraten.com\\\/sv\\\/#\\\/schema\\\/logo\\\/image\\\/\"},\"sameAs\":[\"https:\\\/\\\/www.facebook.com\\\/bjorkebratenlogcabins\\\/\"]}]}<\/script>\n<!-- \/ Yoast SEO plugin. -->","yoast_head_json":{"title":"Om oss - Bj\u00f6rkebr\u00e5ten Log Cabins","description":"Bj\u00f6rkebraten Log Cabins \u2713 Bes\u00f6k Sverige \u2713 Fritidshus med braskamin \u2713 Semester med hund \u2713 Bastu \u2713 \u00d6stersj\u00f6n \u2713 Karlshamn \u2713 Badtunna \u2713 Fiske vid sj\u00f6arna \u2713 B\u00e5t \u2713 Natur \u2713 Sj\u00f6ar \u2713 Husdjur till\u00e5tna - Boka din semester i Sverige nu!","robots":{"index":"index","follow":"follow","max-snippet":"max-snippet:-1","max-image-preview":"max-image-preview:large","max-video-preview":"max-video-preview:-1"},"canonical":"https:\/\/www.bjorkebraten.com\/sv\/om-oss\/","og_locale":"sv_SE","og_type":"article","og_title":"Om oss - Bj\u00f6rkebr\u00e5ten Log Cabins","og_description":"Bj\u00f6rkebraten Log Cabins \u2713 Bes\u00f6k Sverige \u2713 Fritidshus med braskamin \u2713 Semester med hund \u2713 Bastu \u2713 \u00d6stersj\u00f6n \u2713 Karlshamn \u2713 Badtunna \u2713 Fiske vid sj\u00f6arna \u2713 B\u00e5t \u2713 Natur \u2713 Sj\u00f6ar \u2713 Husdjur till\u00e5tna - Boka din semester i Sverige nu!","og_url":"https:\/\/www.bjorkebraten.com\/sv\/om-oss\/","og_site_name":"Bj\u00f6rkebr\u00e5ten Log Cabins","article_publisher":"https:\/\/www.facebook.com\/bjorkebratenlogcabins\/","article_modified_time":"2025-01-24T10:25:28+00:00","og_image":[{"url":"https:\/\/www.bjorkebraten.com\/wp-content\/uploads\/2024\/04\/GOPR0752-633x475-1.jpg","type":"","width":"","height":""}],"twitter_card":"summary_large_image","twitter_misc":{"Ber\u00e4knad l\u00e4stid":"2 minuter"},"schema":{"@context":"https:\/\/schema.org","@graph":[{"@type":"WebPage","@id":"https:\/\/www.bjorkebraten.com\/sv\/om-oss\/","url":"https:\/\/www.bjorkebraten.com\/sv\/om-oss\/","name":"Om oss - Bj\u00f6rkebr\u00e5ten Log Cabins","isPartOf":{"@id":"https:\/\/www.bjorkebraten.com\/sv\/#website"},"datePublished":"2018-02-07T05:58:41+00:00","dateModified":"2025-01-24T10:25:28+00:00","description":"Bj\u00f6rkebraten Log Cabins \u2713 Bes\u00f6k Sverige \u2713 Fritidshus med braskamin \u2713 Semester med hund \u2713 Bastu \u2713 \u00d6stersj\u00f6n \u2713 Karlshamn \u2713 Badtunna \u2713 Fiske vid sj\u00f6arna \u2713 B\u00e5t \u2713 Natur \u2713 Sj\u00f6ar \u2713 Husdjur till\u00e5tna - Boka din semester i Sverige nu!","breadcrumb":{"@id":"https:\/\/www.bjorkebraten.com\/sv\/om-oss\/#breadcrumb"},"inLanguage":"sv-SE","potentialAction":[{"@type":"ReadAction","target":["https:\/\/www.bjorkebraten.com\/sv\/om-oss\/"]}]},{"@type":"BreadcrumbList","@id":"https:\/\/www.bjorkebraten.com\/sv\/om-oss\/#breadcrumb","itemListElement":[{"@type":"ListItem","position":1,"name":"Home","item":"https:\/\/www.bjorkebraten.com\/sv\/"},{"@type":"ListItem","position":2,"name":"Om oss"}]},{"@type":"WebSite","@id":"https:\/\/www.bjorkebraten.com\/sv\/#website","url":"https:\/\/www.bjorkebraten.com\/sv\/","name":"Bj\u00f6rkebr\u00e5ten Log Cabins","description":"Stugsemester i Sm\u00e5land, Sverige","publisher":{"@id":"https:\/\/www.bjorkebraten.com\/sv\/#organization"},"potentialAction":[{"@type":"SearchAction","target":{"@type":"EntryPoint","urlTemplate":"https:\/\/www.bjorkebraten.com\/sv\/?s={search_term_string}"},"query-input":{"@type":"PropertyValueSpecification","valueRequired":true,"valueName":"search_term_string"}}],"inLanguage":"sv-SE"},{"@type":"Organization","@id":"https:\/\/www.bjorkebraten.com\/sv\/#organization","name":"Bj\u00f6rkebr\u00e5ten Log Cabins","url":"https:\/\/www.bjorkebraten.com\/sv\/","logo":{"@type":"ImageObject","inLanguage":"sv-SE","@id":"https:\/\/www.bjorkebraten.com\/sv\/#\/schema\/logo\/image\/","url":"https:\/\/www.bjorkebraten.com\/wp-content\/uploads\/2023\/05\/bjoerkebraten.png","contentUrl":"https:\/\/www.bjorkebraten.com\/wp-content\/uploads\/2023\/05\/bjoerkebraten.png","width":524,"height":262,"caption":"Bj\u00f6rkebr\u00e5ten Log Cabins"},"image":{"@id":"https:\/\/www.bjorkebraten.com\/sv\/#\/schema\/logo\/image\/"},"sameAs":["https:\/\/www.facebook.com\/bjorkebratenlogcabins\/"]}]}},"_links":{"self":[{"href":"https:\/\/www.bjorkebraten.com\/sv\/wp-json\/wp\/v2\/pages\/1746","targetHints":{"allow":["GET"]}}],"collection":[{"href":"https:\/\/www.bjorkebraten.com\/sv\/wp-json\/wp\/v2\/pages"}],"about":[{"href":"https:\/\/www.bjorkebraten.com\/sv\/wp-json\/wp\/v2\/types\/page"}],"author":[{"embeddable":true,"href":"https:\/\/www.bjorkebraten.com\/sv\/wp-json\/wp\/v2\/users\/1"}],"replies":[{"embeddable":true,"href":"https:\/\/www.bjorkebraten.com\/sv\/wp-json\/wp\/v2\/comments?post=1746"}],"version-history":[{"count":3,"href":"https:\/\/www.bjorkebraten.com\/sv\/wp-json\/wp\/v2\/pages\/1746\/revisions"}],"predecessor-version":[{"id":2074,"href":"https:\/\/www.bjorkebraten.com\/sv\/wp-json\/wp\/v2\/pages\/1746\/revisions\/2074"}],"wp:attachment":[{"href":"https:\/\/www.bjorkebraten.com\/sv\/wp-json\/wp\/v2\/media?parent=1746"}],"curies":[{"name":"wp","href":"https:\/\/api.w.org\/{rel}","templated":true}]}}