{"id":1748,"date":"2018-02-07T06:56:49","date_gmt":"2018-02-07T05:56:49","guid":{"rendered":"https:\/\/bjorkebraten.joerrens.com\/aktiviteter-omgivningar\/"},"modified":"2018-02-07T06:56:49","modified_gmt":"2018-02-07T05:56:49","slug":"aktiviteter-omgivningar","status":"publish","type":"page","link":"https:\/\/www.bjorkebraten.com\/sv\/aktiviteter-omgivningar\/","title":{"rendered":"Aktiviteter &amp; Omgivningar"},"content":{"rendered":"","protected":false},"excerpt":{"rendered":"","protected":false},"author":1,"featured_media":1364,"parent":0,"menu_order":0,"comment_status":"closed","ping_status":"closed","template":"omgivningar.php","meta":{"_acf_changed":false,"footnotes":""},"class_list":["post-1748","page","type-page","status-publish","has-post-thumbnail","hentry"],"acf":[],"yoast_head":"<!-- This site is optimized with the Yoast SEO plugin v27.4 - https:\/\/yoast.com\/product\/yoast-seo-wordpress\/ -->\n<title>Aktiviteter &amp; Omgivningar - Bj\u00f6rkebr\u00e5ten Log Cabins<\/title>\n<meta name=\"description\" content=\"Bj\u00f6rkebraten Log Cabins \u2713 Bes\u00f6k Sverige \u2713 Fritidshus med braskamin \u2713 Semester med hund \u2713 Bastu \u2713 \u00d6stersj\u00f6n \u2713 Karlshamn \u2713 Badtunna \u2713 Fiske vid sj\u00f6arna \u2713 B\u00e5t \u2713 Natur \u2713 Sj\u00f6ar \u2713 Husdjur till\u00e5tna - Boka din semester i Sverige nu!\" \/>\n<meta name=\"robots\" content=\"index, follow, max-snippet:-1, max-image-preview:large, max-video-preview:-1\" \/>\n<link rel=\"canonical\" href=\"https:\/\/www.bjorkebraten.com\/sv\/aktiviteter-omgivningar\/\" \/>\n<meta property=\"og:locale\" content=\"sv_SE\" \/>\n<meta property=\"og:type\" content=\"article\" \/>\n<meta property=\"og:title\" content=\"Aktiviteter &amp; Omgivningar - Bj\u00f6rkebr\u00e5ten Log Cabins\" \/>\n<meta property=\"og:description\" content=\"Bj\u00f6rkebraten Log Cabins \u2713 Bes\u00f6k Sverige \u2713 Fritidshus med braskamin \u2713 Semester med hund \u2713 Bastu \u2713 \u00d6stersj\u00f6n \u2713 Karlshamn \u2713 Badtunna \u2713 Fiske vid sj\u00f6arna \u2713 B\u00e5t \u2713 Natur \u2713 Sj\u00f6ar \u2713 Husdjur till\u00e5tna - Boka din semester i Sverige nu!\" \/>\n<meta property=\"og:url\" content=\"https:\/\/www.bjorkebraten.com\/sv\/aktiviteter-omgivningar\/\" \/>\n<meta property=\"og:site_name\" content=\"Bj\u00f6rkebr\u00e5ten Log Cabins\" \/>\n<meta property=\"article:publisher\" content=\"https:\/\/www.facebook.com\/bjorkebratenlogcabins\/\" \/>\n<meta property=\"og:image\" content=\"https:\/\/www.bjorkebraten.com\/wp-content\/uploads\/2018\/02\/bjoerkebraten_surroundings.jpg\" \/>\n\t<meta property=\"og:image:width\" content=\"2000\" \/>\n\t<meta property=\"og:image:height\" content=\"1200\" \/>\n\t<meta property=\"og:image:type\" content=\"image\/jpeg\" \/>\n<meta name=\"twitter:card\" content=\"summary_large_image\" \/>\n<script type=\"application\/ld+json\" class=\"yoast-schema-graph\">{\"@context\":\"https:\\\/\\\/schema.org\",\"@graph\":[{\"@type\":\"WebPage\",\"@id\":\"https:\\\/\\\/www.bjorkebraten.com\\\/sv\\\/aktiviteter-omgivningar\\\/\",\"url\":\"https:\\\/\\\/www.bjorkebraten.com\\\/sv\\\/aktiviteter-omgivningar\\\/\",\"name\":\"Aktiviteter &amp; Omgivningar - Bj\u00f6rkebr\u00e5ten Log Cabins\",\"isPartOf\":{\"@id\":\"https:\\\/\\\/www.bjorkebraten.com\\\/sv\\\/#website\"},\"primaryImageOfPage\":{\"@id\":\"https:\\\/\\\/www.bjorkebraten.com\\\/sv\\\/aktiviteter-omgivningar\\\/#primaryimage\"},\"image\":{\"@id\":\"https:\\\/\\\/www.bjorkebraten.com\\\/sv\\\/aktiviteter-omgivningar\\\/#primaryimage\"},\"thumbnailUrl\":\"https:\\\/\\\/www.bjorkebraten.com\\\/wp-content\\\/uploads\\\/2018\\\/02\\\/bjoerkebraten_surroundings.jpg\",\"datePublished\":\"2018-02-07T05:56:49+00:00\",\"description\":\"Bj\u00f6rkebraten Log Cabins \u2713 Bes\u00f6k Sverige \u2713 Fritidshus med braskamin \u2713 Semester med hund \u2713 Bastu \u2713 \u00d6stersj\u00f6n \u2713 Karlshamn \u2713 Badtunna \u2713 Fiske vid sj\u00f6arna \u2713 B\u00e5t \u2713 Natur \u2713 Sj\u00f6ar \u2713 Husdjur till\u00e5tna - Boka din semester i Sverige nu!\",\"breadcrumb\":{\"@id\":\"https:\\\/\\\/www.bjorkebraten.com\\\/sv\\\/aktiviteter-omgivningar\\\/#breadcrumb\"},\"inLanguage\":\"sv-SE\",\"potentialAction\":[{\"@type\":\"ReadAction\",\"target\":[\"https:\\\/\\\/www.bjorkebraten.com\\\/sv\\\/aktiviteter-omgivningar\\\/\"]}]},{\"@type\":\"ImageObject\",\"inLanguage\":\"sv-SE\",\"@id\":\"https:\\\/\\\/www.bjorkebraten.com\\\/sv\\\/aktiviteter-omgivningar\\\/#primaryimage\",\"url\":\"https:\\\/\\\/www.bjorkebraten.com\\\/wp-content\\\/uploads\\\/2018\\\/02\\\/bjoerkebraten_surroundings.jpg\",\"contentUrl\":\"https:\\\/\\\/www.bjorkebraten.com\\\/wp-content\\\/uploads\\\/2018\\\/02\\\/bjoerkebraten_surroundings.jpg\",\"width\":2000,\"height\":1200,\"caption\":\"{:en}Surrounding{:}{:de}Umgebung{:}\"},{\"@type\":\"BreadcrumbList\",\"@id\":\"https:\\\/\\\/www.bjorkebraten.com\\\/sv\\\/aktiviteter-omgivningar\\\/#breadcrumb\",\"itemListElement\":[{\"@type\":\"ListItem\",\"position\":1,\"name\":\"Home\",\"item\":\"https:\\\/\\\/www.bjorkebraten.com\\\/sv\\\/\"},{\"@type\":\"ListItem\",\"position\":2,\"name\":\"Aktiviteter &amp; Omgivningar\"}]},{\"@type\":\"WebSite\",\"@id\":\"https:\\\/\\\/www.bjorkebraten.com\\\/sv\\\/#website\",\"url\":\"https:\\\/\\\/www.bjorkebraten.com\\\/sv\\\/\",\"name\":\"Bj\u00f6rkebr\u00e5ten Log Cabins\",\"description\":\"Stugsemester i Sm\u00e5land, Sverige\",\"publisher\":{\"@id\":\"https:\\\/\\\/www.bjorkebraten.com\\\/sv\\\/#organization\"},\"potentialAction\":[{\"@type\":\"SearchAction\",\"target\":{\"@type\":\"EntryPoint\",\"urlTemplate\":\"https:\\\/\\\/www.bjorkebraten.com\\\/sv\\\/?s={search_term_string}\"},\"query-input\":{\"@type\":\"PropertyValueSpecification\",\"valueRequired\":true,\"valueName\":\"search_term_string\"}}],\"inLanguage\":\"sv-SE\"},{\"@type\":\"Organization\",\"@id\":\"https:\\\/\\\/www.bjorkebraten.com\\\/sv\\\/#organization\",\"name\":\"Bj\u00f6rkebr\u00e5ten Log Cabins\",\"url\":\"https:\\\/\\\/www.bjorkebraten.com\\\/sv\\\/\",\"logo\":{\"@type\":\"ImageObject\",\"inLanguage\":\"sv-SE\",\"@id\":\"https:\\\/\\\/www.bjorkebraten.com\\\/sv\\\/#\\\/schema\\\/logo\\\/image\\\/\",\"url\":\"https:\\\/\\\/www.bjorkebraten.com\\\/wp-content\\\/uploads\\\/2023\\\/05\\\/bjoerkebraten.png\",\"contentUrl\":\"https:\\\/\\\/www.bjorkebraten.com\\\/wp-content\\\/uploads\\\/2023\\\/05\\\/bjoerkebraten.png\",\"width\":524,\"height\":262,\"caption\":\"Bj\u00f6rkebr\u00e5ten Log Cabins\"},\"image\":{\"@id\":\"https:\\\/\\\/www.bjorkebraten.com\\\/sv\\\/#\\\/schema\\\/logo\\\/image\\\/\"},\"sameAs\":[\"https:\\\/\\\/www.facebook.com\\\/bjorkebratenlogcabins\\\/\"]}]}<\/script>\n<!-- \/ Yoast SEO plugin. -->","yoast_head_json":{"title":"Aktiviteter &amp; Omgivningar - Bj\u00f6rkebr\u00e5ten Log Cabins","description":"Bj\u00f6rkebraten Log Cabins \u2713 Bes\u00f6k Sverige \u2713 Fritidshus med braskamin \u2713 Semester med hund \u2713 Bastu \u2713 \u00d6stersj\u00f6n \u2713 Karlshamn \u2713 Badtunna \u2713 Fiske vid sj\u00f6arna \u2713 B\u00e5t \u2713 Natur \u2713 Sj\u00f6ar \u2713 Husdjur till\u00e5tna - Boka din semester i Sverige nu!","robots":{"index":"index","follow":"follow","max-snippet":"max-snippet:-1","max-image-preview":"max-image-preview:large","max-video-preview":"max-video-preview:-1"},"canonical":"https:\/\/www.bjorkebraten.com\/sv\/aktiviteter-omgivningar\/","og_locale":"sv_SE","og_type":"article","og_title":"Aktiviteter &amp; Omgivningar - Bj\u00f6rkebr\u00e5ten Log Cabins","og_description":"Bj\u00f6rkebraten Log Cabins \u2713 Bes\u00f6k Sverige \u2713 Fritidshus med braskamin \u2713 Semester med hund \u2713 Bastu \u2713 \u00d6stersj\u00f6n \u2713 Karlshamn \u2713 Badtunna \u2713 Fiske vid sj\u00f6arna \u2713 B\u00e5t \u2713 Natur \u2713 Sj\u00f6ar \u2713 Husdjur till\u00e5tna - Boka din semester i Sverige nu!","og_url":"https:\/\/www.bjorkebraten.com\/sv\/aktiviteter-omgivningar\/","og_site_name":"Bj\u00f6rkebr\u00e5ten Log Cabins","article_publisher":"https:\/\/www.facebook.com\/bjorkebratenlogcabins\/","og_image":[{"width":2000,"height":1200,"url":"https:\/\/www.bjorkebraten.com\/wp-content\/uploads\/2018\/02\/bjoerkebraten_surroundings.jpg","type":"image\/jpeg"}],"twitter_card":"summary_large_image","schema":{"@context":"https:\/\/schema.org","@graph":[{"@type":"WebPage","@id":"https:\/\/www.bjorkebraten.com\/sv\/aktiviteter-omgivningar\/","url":"https:\/\/www.bjorkebraten.com\/sv\/aktiviteter-omgivningar\/","name":"Aktiviteter &amp; Omgivningar - Bj\u00f6rkebr\u00e5ten Log Cabins","isPartOf":{"@id":"https:\/\/www.bjorkebraten.com\/sv\/#website"},"primaryImageOfPage":{"@id":"https:\/\/www.bjorkebraten.com\/sv\/aktiviteter-omgivningar\/#primaryimage"},"image":{"@id":"https:\/\/www.bjorkebraten.com\/sv\/aktiviteter-omgivningar\/#primaryimage"},"thumbnailUrl":"https:\/\/www.bjorkebraten.com\/wp-content\/uploads\/2018\/02\/bjoerkebraten_surroundings.jpg","datePublished":"2018-02-07T05:56:49+00:00","description":"Bj\u00f6rkebraten Log Cabins \u2713 Bes\u00f6k Sverige \u2713 Fritidshus med braskamin \u2713 Semester med hund \u2713 Bastu \u2713 \u00d6stersj\u00f6n \u2713 Karlshamn \u2713 Badtunna \u2713 Fiske vid sj\u00f6arna \u2713 B\u00e5t \u2713 Natur \u2713 Sj\u00f6ar \u2713 Husdjur till\u00e5tna - Boka din semester i Sverige nu!","breadcrumb":{"@id":"https:\/\/www.bjorkebraten.com\/sv\/aktiviteter-omgivningar\/#breadcrumb"},"inLanguage":"sv-SE","potentialAction":[{"@type":"ReadAction","target":["https:\/\/www.bjorkebraten.com\/sv\/aktiviteter-omgivningar\/"]}]},{"@type":"ImageObject","inLanguage":"sv-SE","@id":"https:\/\/www.bjorkebraten.com\/sv\/aktiviteter-omgivningar\/#primaryimage","url":"https:\/\/www.bjorkebraten.com\/wp-content\/uploads\/2018\/02\/bjoerkebraten_surroundings.jpg","contentUrl":"https:\/\/www.bjorkebraten.com\/wp-content\/uploads\/2018\/02\/bjoerkebraten_surroundings.jpg","width":2000,"height":1200,"caption":"{:en}Surrounding{:}{:de}Umgebung{:}"},{"@type":"BreadcrumbList","@id":"https:\/\/www.bjorkebraten.com\/sv\/aktiviteter-omgivningar\/#breadcrumb","itemListElement":[{"@type":"ListItem","position":1,"name":"Home","item":"https:\/\/www.bjorkebraten.com\/sv\/"},{"@type":"ListItem","position":2,"name":"Aktiviteter &amp; Omgivningar"}]},{"@type":"WebSite","@id":"https:\/\/www.bjorkebraten.com\/sv\/#website","url":"https:\/\/www.bjorkebraten.com\/sv\/","name":"Bj\u00f6rkebr\u00e5ten Log Cabins","description":"Stugsemester i Sm\u00e5land, Sverige","publisher":{"@id":"https:\/\/www.bjorkebraten.com\/sv\/#organization"},"potentialAction":[{"@type":"SearchAction","target":{"@type":"EntryPoint","urlTemplate":"https:\/\/www.bjorkebraten.com\/sv\/?s={search_term_string}"},"query-input":{"@type":"PropertyValueSpecification","valueRequired":true,"valueName":"search_term_string"}}],"inLanguage":"sv-SE"},{"@type":"Organization","@id":"https:\/\/www.bjorkebraten.com\/sv\/#organization","name":"Bj\u00f6rkebr\u00e5ten Log Cabins","url":"https:\/\/www.bjorkebraten.com\/sv\/","logo":{"@type":"ImageObject","inLanguage":"sv-SE","@id":"https:\/\/www.bjorkebraten.com\/sv\/#\/schema\/logo\/image\/","url":"https:\/\/www.bjorkebraten.com\/wp-content\/uploads\/2023\/05\/bjoerkebraten.png","contentUrl":"https:\/\/www.bjorkebraten.com\/wp-content\/uploads\/2023\/05\/bjoerkebraten.png","width":524,"height":262,"caption":"Bj\u00f6rkebr\u00e5ten Log Cabins"},"image":{"@id":"https:\/\/www.bjorkebraten.com\/sv\/#\/schema\/logo\/image\/"},"sameAs":["https:\/\/www.facebook.com\/bjorkebratenlogcabins\/"]}]}},"_links":{"self":[{"href":"https:\/\/www.bjorkebraten.com\/sv\/wp-json\/wp\/v2\/pages\/1748","targetHints":{"allow":["GET"]}}],"collection":[{"href":"https:\/\/www.bjorkebraten.com\/sv\/wp-json\/wp\/v2\/pages"}],"about":[{"href":"https:\/\/www.bjorkebraten.com\/sv\/wp-json\/wp\/v2\/types\/page"}],"author":[{"embeddable":true,"href":"https:\/\/www.bjorkebraten.com\/sv\/wp-json\/wp\/v2\/users\/1"}],"replies":[{"embeddable":true,"href":"https:\/\/www.bjorkebraten.com\/sv\/wp-json\/wp\/v2\/comments?post=1748"}],"version-history":[{"count":0,"href":"https:\/\/www.bjorkebraten.com\/sv\/wp-json\/wp\/v2\/pages\/1748\/revisions"}],"wp:featuredmedia":[{"embeddable":true,"href":"https:\/\/www.bjorkebraten.com\/sv\/wp-json\/wp\/v2\/media\/1364"}],"wp:attachment":[{"href":"https:\/\/www.bjorkebraten.com\/sv\/wp-json\/wp\/v2\/media?parent=1748"}],"curies":[{"name":"wp","href":"https:\/\/api.w.org\/{rel}","templated":true}]}}