{"id":1751,"date":"2018-02-07T06:55:34","date_gmt":"2018-02-07T05:55:34","guid":{"rendered":"https:\/\/bjorkebraten.joerrens.com\/kontakta\/"},"modified":"2026-04-27T08:06:16","modified_gmt":"2026-04-27T06:06:16","slug":"kontakta","status":"publish","type":"page","link":"https:\/\/www.bjorkebraten.com\/sv\/kontakta\/","title":{"rendered":"Kontakta"},"content":{"rendered":"\n<p><strong>Bj\u00f6rkebr\u00e5ten Log Cabins<\/strong><br>Mike och Solly Woods<br>Bjorkebraten 1<br>362 96 Ryd, SE<br><a href=\"mailto:hej@bjorkebraten.com\">hej@bjorkebraten.com<\/a><\/p>\n\n\n\n<h2 class=\"wp-block-heading\"><strong>Hur man hittar oss<\/strong><\/h2>\n\n\n\n<figure class=\"wp-block-image size-large\"><a href=\"https:\/\/www.google.com\/maps?ll=56.410212,14.735685&amp;z=16&amp;t=m&amp;hl=de-DE&amp;gl=US&amp;mapclient=embed&amp;cid=11452150547122432452\" target=\"_blank\" rel=\" noreferrer noopener\"><img loading=\"lazy\" decoding=\"async\" width=\"1024\" height=\"549\" src=\"https:\/\/www.bjorkebraten.com\/wp-content\/uploads\/2026\/04\/map-bjorkebraten-1024x549.png\" alt=\"\" class=\"wp-image-2231\" srcset=\"https:\/\/www.bjorkebraten.com\/wp-content\/uploads\/2026\/04\/map-bjorkebraten-1024x549.png 1024w, https:\/\/www.bjorkebraten.com\/wp-content\/uploads\/2026\/04\/map-bjorkebraten-300x161.png 300w, https:\/\/www.bjorkebraten.com\/wp-content\/uploads\/2026\/04\/map-bjorkebraten-768x411.png 768w, https:\/\/www.bjorkebraten.com\/wp-content\/uploads\/2026\/04\/map-bjorkebraten-1536x823.png 1536w, https:\/\/www.bjorkebraten.com\/wp-content\/uploads\/2026\/04\/map-bjorkebraten.png 1680w\" sizes=\"auto, (max-width: 1024px) 100vw, 1024px\" \/><\/a><\/figure>\n","protected":false},"excerpt":{"rendered":"<p>Bj\u00f6rkebr\u00e5ten Log CabinsMike och Solly WoodsBjorkebraten 1362 96 Ryd, SEhej@bjorkebraten.com Hur man hittar oss<\/p>\n","protected":false},"author":1,"featured_media":0,"parent":0,"menu_order":0,"comment_status":"closed","ping_status":"closed","template":"","meta":{"_acf_changed":false,"footnotes":""},"class_list":["post-1751","page","type-page","status-publish","hentry"],"acf":[],"yoast_head":"<!-- This site is optimized with the Yoast SEO plugin v27.4 - https:\/\/yoast.com\/product\/yoast-seo-wordpress\/ -->\n<title>Kontakta - Bj\u00f6rkebr\u00e5ten Log Cabins<\/title>\n<meta name=\"description\" content=\"Bj\u00f6rkebraten Log Cabins \u2713 Bes\u00f6k Sverige \u2713 Fritidshus med braskamin \u2713 Semester med hund \u2713 Bastu \u2713 \u00d6stersj\u00f6n \u2713 Karlshamn \u2713 Badtunna \u2713 Fiske vid sj\u00f6arna \u2713 B\u00e5t \u2713 Natur \u2713 Sj\u00f6ar \u2713 Husdjur till\u00e5tna - Boka din semester i Sverige nu!\" \/>\n<meta name=\"robots\" content=\"index, follow, max-snippet:-1, max-image-preview:large, max-video-preview:-1\" \/>\n<link rel=\"canonical\" href=\"https:\/\/www.bjorkebraten.com\/sv\/kontakta\/\" \/>\n<meta property=\"og:locale\" content=\"sv_SE\" \/>\n<meta property=\"og:type\" content=\"article\" \/>\n<meta property=\"og:title\" content=\"Kontakta - Bj\u00f6rkebr\u00e5ten Log Cabins\" \/>\n<meta property=\"og:description\" content=\"Bj\u00f6rkebraten Log Cabins \u2713 Bes\u00f6k Sverige \u2713 Fritidshus med braskamin \u2713 Semester med hund \u2713 Bastu \u2713 \u00d6stersj\u00f6n \u2713 Karlshamn \u2713 Badtunna \u2713 Fiske vid sj\u00f6arna \u2713 B\u00e5t \u2713 Natur \u2713 Sj\u00f6ar \u2713 Husdjur till\u00e5tna - Boka din semester i Sverige nu!\" \/>\n<meta property=\"og:url\" content=\"https:\/\/www.bjorkebraten.com\/sv\/kontakta\/\" \/>\n<meta property=\"og:site_name\" content=\"Bj\u00f6rkebr\u00e5ten Log Cabins\" \/>\n<meta property=\"article:publisher\" content=\"https:\/\/www.facebook.com\/bjorkebratenlogcabins\/\" \/>\n<meta property=\"article:modified_time\" content=\"2026-04-27T06:06:16+00:00\" \/>\n<meta property=\"og:image\" content=\"https:\/\/www.bjorkebraten.com\/wp-content\/uploads\/2026\/04\/map-bjorkebraten.png\" \/>\n\t<meta property=\"og:image:width\" content=\"1680\" \/>\n\t<meta property=\"og:image:height\" content=\"900\" \/>\n\t<meta property=\"og:image:type\" content=\"image\/png\" \/>\n<meta name=\"twitter:card\" content=\"summary_large_image\" \/>\n<meta name=\"twitter:label1\" content=\"Ber\u00e4knad l\u00e4stid\" \/>\n\t<meta name=\"twitter:data1\" content=\"1 minut\" \/>\n<script type=\"application\/ld+json\" class=\"yoast-schema-graph\">{\"@context\":\"https:\\\/\\\/schema.org\",\"@graph\":[{\"@type\":\"WebPage\",\"@id\":\"https:\\\/\\\/www.bjorkebraten.com\\\/sv\\\/kontakta\\\/\",\"url\":\"https:\\\/\\\/www.bjorkebraten.com\\\/sv\\\/kontakta\\\/\",\"name\":\"Kontakta - Bj\u00f6rkebr\u00e5ten Log Cabins\",\"isPartOf\":{\"@id\":\"https:\\\/\\\/www.bjorkebraten.com\\\/sv\\\/#website\"},\"primaryImageOfPage\":{\"@id\":\"https:\\\/\\\/www.bjorkebraten.com\\\/sv\\\/kontakta\\\/#primaryimage\"},\"image\":{\"@id\":\"https:\\\/\\\/www.bjorkebraten.com\\\/sv\\\/kontakta\\\/#primaryimage\"},\"thumbnailUrl\":\"https:\\\/\\\/www.bjorkebraten.com\\\/wp-content\\\/uploads\\\/2026\\\/04\\\/map-bjorkebraten-1024x549.png\",\"datePublished\":\"2018-02-07T05:55:34+00:00\",\"dateModified\":\"2026-04-27T06:06:16+00:00\",\"description\":\"Bj\u00f6rkebraten Log Cabins \u2713 Bes\u00f6k Sverige \u2713 Fritidshus med braskamin \u2713 Semester med hund \u2713 Bastu \u2713 \u00d6stersj\u00f6n \u2713 Karlshamn \u2713 Badtunna \u2713 Fiske vid sj\u00f6arna \u2713 B\u00e5t \u2713 Natur \u2713 Sj\u00f6ar \u2713 Husdjur till\u00e5tna - Boka din semester i Sverige nu!\",\"breadcrumb\":{\"@id\":\"https:\\\/\\\/www.bjorkebraten.com\\\/sv\\\/kontakta\\\/#breadcrumb\"},\"inLanguage\":\"sv-SE\",\"potentialAction\":[{\"@type\":\"ReadAction\",\"target\":[\"https:\\\/\\\/www.bjorkebraten.com\\\/sv\\\/kontakta\\\/\"]}]},{\"@type\":\"ImageObject\",\"inLanguage\":\"sv-SE\",\"@id\":\"https:\\\/\\\/www.bjorkebraten.com\\\/sv\\\/kontakta\\\/#primaryimage\",\"url\":\"https:\\\/\\\/www.bjorkebraten.com\\\/wp-content\\\/uploads\\\/2026\\\/04\\\/map-bjorkebraten-1024x549.png\",\"contentUrl\":\"https:\\\/\\\/www.bjorkebraten.com\\\/wp-content\\\/uploads\\\/2026\\\/04\\\/map-bjorkebraten-1024x549.png\"},{\"@type\":\"BreadcrumbList\",\"@id\":\"https:\\\/\\\/www.bjorkebraten.com\\\/sv\\\/kontakta\\\/#breadcrumb\",\"itemListElement\":[{\"@type\":\"ListItem\",\"position\":1,\"name\":\"Home\",\"item\":\"https:\\\/\\\/www.bjorkebraten.com\\\/sv\\\/\"},{\"@type\":\"ListItem\",\"position\":2,\"name\":\"Kontakta\"}]},{\"@type\":\"WebSite\",\"@id\":\"https:\\\/\\\/www.bjorkebraten.com\\\/sv\\\/#website\",\"url\":\"https:\\\/\\\/www.bjorkebraten.com\\\/sv\\\/\",\"name\":\"Bj\u00f6rkebr\u00e5ten Log Cabins\",\"description\":\"Stugsemester i Sm\u00e5land, Sverige\",\"publisher\":{\"@id\":\"https:\\\/\\\/www.bjorkebraten.com\\\/sv\\\/#organization\"},\"potentialAction\":[{\"@type\":\"SearchAction\",\"target\":{\"@type\":\"EntryPoint\",\"urlTemplate\":\"https:\\\/\\\/www.bjorkebraten.com\\\/sv\\\/?s={search_term_string}\"},\"query-input\":{\"@type\":\"PropertyValueSpecification\",\"valueRequired\":true,\"valueName\":\"search_term_string\"}}],\"inLanguage\":\"sv-SE\"},{\"@type\":\"Organization\",\"@id\":\"https:\\\/\\\/www.bjorkebraten.com\\\/sv\\\/#organization\",\"name\":\"Bj\u00f6rkebr\u00e5ten Log Cabins\",\"url\":\"https:\\\/\\\/www.bjorkebraten.com\\\/sv\\\/\",\"logo\":{\"@type\":\"ImageObject\",\"inLanguage\":\"sv-SE\",\"@id\":\"https:\\\/\\\/www.bjorkebraten.com\\\/sv\\\/#\\\/schema\\\/logo\\\/image\\\/\",\"url\":\"https:\\\/\\\/www.bjorkebraten.com\\\/wp-content\\\/uploads\\\/2023\\\/05\\\/bjoerkebraten.png\",\"contentUrl\":\"https:\\\/\\\/www.bjorkebraten.com\\\/wp-content\\\/uploads\\\/2023\\\/05\\\/bjoerkebraten.png\",\"width\":524,\"height\":262,\"caption\":\"Bj\u00f6rkebr\u00e5ten Log Cabins\"},\"image\":{\"@id\":\"https:\\\/\\\/www.bjorkebraten.com\\\/sv\\\/#\\\/schema\\\/logo\\\/image\\\/\"},\"sameAs\":[\"https:\\\/\\\/www.facebook.com\\\/bjorkebratenlogcabins\\\/\"]}]}<\/script>\n<!-- \/ Yoast SEO plugin. -->","yoast_head_json":{"title":"Kontakta - Bj\u00f6rkebr\u00e5ten Log Cabins","description":"Bj\u00f6rkebraten Log Cabins \u2713 Bes\u00f6k Sverige \u2713 Fritidshus med braskamin \u2713 Semester med hund \u2713 Bastu \u2713 \u00d6stersj\u00f6n \u2713 Karlshamn \u2713 Badtunna \u2713 Fiske vid sj\u00f6arna \u2713 B\u00e5t \u2713 Natur \u2713 Sj\u00f6ar \u2713 Husdjur till\u00e5tna - Boka din semester i Sverige nu!","robots":{"index":"index","follow":"follow","max-snippet":"max-snippet:-1","max-image-preview":"max-image-preview:large","max-video-preview":"max-video-preview:-1"},"canonical":"https:\/\/www.bjorkebraten.com\/sv\/kontakta\/","og_locale":"sv_SE","og_type":"article","og_title":"Kontakta - Bj\u00f6rkebr\u00e5ten Log Cabins","og_description":"Bj\u00f6rkebraten Log Cabins \u2713 Bes\u00f6k Sverige \u2713 Fritidshus med braskamin \u2713 Semester med hund \u2713 Bastu \u2713 \u00d6stersj\u00f6n \u2713 Karlshamn \u2713 Badtunna \u2713 Fiske vid sj\u00f6arna \u2713 B\u00e5t \u2713 Natur \u2713 Sj\u00f6ar \u2713 Husdjur till\u00e5tna - Boka din semester i Sverige nu!","og_url":"https:\/\/www.bjorkebraten.com\/sv\/kontakta\/","og_site_name":"Bj\u00f6rkebr\u00e5ten Log Cabins","article_publisher":"https:\/\/www.facebook.com\/bjorkebratenlogcabins\/","article_modified_time":"2026-04-27T06:06:16+00:00","og_image":[{"width":1680,"height":900,"url":"https:\/\/www.bjorkebraten.com\/wp-content\/uploads\/2026\/04\/map-bjorkebraten.png","type":"image\/png"}],"twitter_card":"summary_large_image","twitter_misc":{"Ber\u00e4knad l\u00e4stid":"1 minut"},"schema":{"@context":"https:\/\/schema.org","@graph":[{"@type":"WebPage","@id":"https:\/\/www.bjorkebraten.com\/sv\/kontakta\/","url":"https:\/\/www.bjorkebraten.com\/sv\/kontakta\/","name":"Kontakta - Bj\u00f6rkebr\u00e5ten Log Cabins","isPartOf":{"@id":"https:\/\/www.bjorkebraten.com\/sv\/#website"},"primaryImageOfPage":{"@id":"https:\/\/www.bjorkebraten.com\/sv\/kontakta\/#primaryimage"},"image":{"@id":"https:\/\/www.bjorkebraten.com\/sv\/kontakta\/#primaryimage"},"thumbnailUrl":"https:\/\/www.bjorkebraten.com\/wp-content\/uploads\/2026\/04\/map-bjorkebraten-1024x549.png","datePublished":"2018-02-07T05:55:34+00:00","dateModified":"2026-04-27T06:06:16+00:00","description":"Bj\u00f6rkebraten Log Cabins \u2713 Bes\u00f6k Sverige \u2713 Fritidshus med braskamin \u2713 Semester med hund \u2713 Bastu \u2713 \u00d6stersj\u00f6n \u2713 Karlshamn \u2713 Badtunna \u2713 Fiske vid sj\u00f6arna \u2713 B\u00e5t \u2713 Natur \u2713 Sj\u00f6ar \u2713 Husdjur till\u00e5tna - Boka din semester i Sverige nu!","breadcrumb":{"@id":"https:\/\/www.bjorkebraten.com\/sv\/kontakta\/#breadcrumb"},"inLanguage":"sv-SE","potentialAction":[{"@type":"ReadAction","target":["https:\/\/www.bjorkebraten.com\/sv\/kontakta\/"]}]},{"@type":"ImageObject","inLanguage":"sv-SE","@id":"https:\/\/www.bjorkebraten.com\/sv\/kontakta\/#primaryimage","url":"https:\/\/www.bjorkebraten.com\/wp-content\/uploads\/2026\/04\/map-bjorkebraten-1024x549.png","contentUrl":"https:\/\/www.bjorkebraten.com\/wp-content\/uploads\/2026\/04\/map-bjorkebraten-1024x549.png"},{"@type":"BreadcrumbList","@id":"https:\/\/www.bjorkebraten.com\/sv\/kontakta\/#breadcrumb","itemListElement":[{"@type":"ListItem","position":1,"name":"Home","item":"https:\/\/www.bjorkebraten.com\/sv\/"},{"@type":"ListItem","position":2,"name":"Kontakta"}]},{"@type":"WebSite","@id":"https:\/\/www.bjorkebraten.com\/sv\/#website","url":"https:\/\/www.bjorkebraten.com\/sv\/","name":"Bj\u00f6rkebr\u00e5ten Log Cabins","description":"Stugsemester i Sm\u00e5land, Sverige","publisher":{"@id":"https:\/\/www.bjorkebraten.com\/sv\/#organization"},"potentialAction":[{"@type":"SearchAction","target":{"@type":"EntryPoint","urlTemplate":"https:\/\/www.bjorkebraten.com\/sv\/?s={search_term_string}"},"query-input":{"@type":"PropertyValueSpecification","valueRequired":true,"valueName":"search_term_string"}}],"inLanguage":"sv-SE"},{"@type":"Organization","@id":"https:\/\/www.bjorkebraten.com\/sv\/#organization","name":"Bj\u00f6rkebr\u00e5ten Log Cabins","url":"https:\/\/www.bjorkebraten.com\/sv\/","logo":{"@type":"ImageObject","inLanguage":"sv-SE","@id":"https:\/\/www.bjorkebraten.com\/sv\/#\/schema\/logo\/image\/","url":"https:\/\/www.bjorkebraten.com\/wp-content\/uploads\/2023\/05\/bjoerkebraten.png","contentUrl":"https:\/\/www.bjorkebraten.com\/wp-content\/uploads\/2023\/05\/bjoerkebraten.png","width":524,"height":262,"caption":"Bj\u00f6rkebr\u00e5ten Log Cabins"},"image":{"@id":"https:\/\/www.bjorkebraten.com\/sv\/#\/schema\/logo\/image\/"},"sameAs":["https:\/\/www.facebook.com\/bjorkebratenlogcabins\/"]}]}},"_links":{"self":[{"href":"https:\/\/www.bjorkebraten.com\/sv\/wp-json\/wp\/v2\/pages\/1751","targetHints":{"allow":["GET"]}}],"collection":[{"href":"https:\/\/www.bjorkebraten.com\/sv\/wp-json\/wp\/v2\/pages"}],"about":[{"href":"https:\/\/www.bjorkebraten.com\/sv\/wp-json\/wp\/v2\/types\/page"}],"author":[{"embeddable":true,"href":"https:\/\/www.bjorkebraten.com\/sv\/wp-json\/wp\/v2\/users\/1"}],"replies":[{"embeddable":true,"href":"https:\/\/www.bjorkebraten.com\/sv\/wp-json\/wp\/v2\/comments?post=1751"}],"version-history":[{"count":7,"href":"https:\/\/www.bjorkebraten.com\/sv\/wp-json\/wp\/v2\/pages\/1751\/revisions"}],"predecessor-version":[{"id":2269,"href":"https:\/\/www.bjorkebraten.com\/sv\/wp-json\/wp\/v2\/pages\/1751\/revisions\/2269"}],"wp:attachment":[{"href":"https:\/\/www.bjorkebraten.com\/sv\/wp-json\/wp\/v2\/media?parent=1751"}],"curies":[{"name":"wp","href":"https:\/\/api.w.org\/{rel}","templated":true}]}}