{"id":1755,"date":"2018-02-06T19:20:32","date_gmt":"2018-02-06T18:20:32","guid":{"rendered":"https:\/\/bjorkebraten.joerrens.com\/timmerstuga\/"},"modified":"2026-04-26T16:32:48","modified_gmt":"2026-04-26T14:32:48","slug":"timmerstugor","status":"publish","type":"page","link":"https:\/\/www.bjorkebraten.com\/sv\/timmerstugor\/","title":{"rendered":"Timmerstugor"},"content":{"rendered":"\n<p>Njut av en kopp kaffe p\u00e5 altanen p\u00e5 morgonen, andas in ren skogsluft och l\u00e5t era \u00f6gon glida \u00f6ver landskapet \u2013 njut av stunden \u2013 det \u00e4r s\u00e5 h\u00e4r en svensk dag b\u00f6rjar i en av v\u00e5ra stugor.<\/p>\n\n\n\n<p>V\u00e5ra timmerstugor \u00e4r lokaliserade ute i skogen n\u00e4ra v\u00e5r g\u00e5rd \u2013 man kan n\u00e5 v\u00e5r lokala by Ryd via bil inom bara 5 minuter. H\u00e4r kan ni k\u00f6pa matvaror, pizza, bes\u00f6ka v\u00e5rt lokala apotek och bank. Ni kommer inte att sakna n\u00e5got.  <\/p>\n\n\n\n<p>Vi finns alltid till hands och pratar svenska, engelska och tyska.<\/p>\n\n\n\n<p>P\u00e5 detaljer p\u00e5 v\u00e5ra timmerstugor kommer ni finna f\u00f6ljande information:<\/p>\n\n\n\n<ul class=\"wp-block-list\">\n<li>Utrustning<\/li>\n\n\n\n<li>Priser<\/li>\n\n\n\n<li>Husdjur<\/li>\n\n\n\n<li>Bokningskalender<\/li>\n<\/ul>\n\n\n\n<p>Vi ser fram emot eran bokning och vistelse h\u00e4r i Bj\u00f6rkebr\u00e5ten.<\/p>\n\n\n\n<div class=\"wp-block-columns is-layout-flex wp-container-core-columns-is-layout-9d6595d7 wp-block-columns-is-layout-flex\">\n<div class=\"wp-block-column is-layout-flow wp-block-column-is-layout-flow\">\n<h2 class=\"wp-block-heading has-text-align-center\"><strong>Stuga No. 1<\/strong><\/h2>\n\n\n\n<figure class=\"wp-block-image size-large\"><a href=\"https:\/\/www.bjorkebraten.com\/sv\/timmerstuga\/stuga-no-1\/\"><img loading=\"lazy\" decoding=\"async\" width=\"1024\" height=\"768\" src=\"https:\/\/www.bjorkebraten.com\/wp-content\/uploads\/2018\/02\/IMG_6363-1024x768.jpg\" alt=\"\" class=\"wp-image-395\" srcset=\"https:\/\/www.bjorkebraten.com\/wp-content\/uploads\/2018\/02\/IMG_6363-1024x768.jpg 1024w, https:\/\/www.bjorkebraten.com\/wp-content\/uploads\/2018\/02\/IMG_6363-300x225.jpg 300w, https:\/\/www.bjorkebraten.com\/wp-content\/uploads\/2018\/02\/IMG_6363-768x576.jpg 768w\" sizes=\"auto, (max-width: 1024px) 100vw, 1024px\" \/><\/a><\/figure>\n\n\n\n<p class=\"has-text-align-center\">Lorem ipsum dolor sit amet, consectetur adipiscing elit, sed do eiusmod tempor incididunt ut labore.<\/p>\n\n\n\n<p class=\"has-text-align-center\"><strong><a href=\"https:\/\/www.bjorkebraten.com\/sv\/timmerstuga\/stuga-no-1\/\">L\u00e4s mer<\/a><\/strong><\/p>\n<\/div>\n\n\n\n<div class=\"wp-block-column is-layout-flow wp-block-column-is-layout-flow\">\n<h2 class=\"wp-block-heading has-text-align-center\"><strong>Stuga No. 2<\/strong><\/h2>\n\n\n\n<figure class=\"wp-block-image size-large\"><a href=\"https:\/\/www.bjorkebraten.com\/sv\/timmerstuga\/stuga-no-2\/\"><img loading=\"lazy\" decoding=\"async\" width=\"1024\" height=\"768\" src=\"https:\/\/www.bjorkebraten.com\/wp-content\/uploads\/2018\/02\/log-Cabin-Hoest-027-1-1024x768.jpg\" alt=\"\" class=\"wp-image-566\" srcset=\"https:\/\/www.bjorkebraten.com\/wp-content\/uploads\/2018\/02\/log-Cabin-Hoest-027-1-1024x768.jpg 1024w, https:\/\/www.bjorkebraten.com\/wp-content\/uploads\/2018\/02\/log-Cabin-Hoest-027-1-300x225.jpg 300w, https:\/\/www.bjorkebraten.com\/wp-content\/uploads\/2018\/02\/log-Cabin-Hoest-027-1-768x576.jpg 768w\" sizes=\"auto, (max-width: 1024px) 100vw, 1024px\" \/><\/a><\/figure>\n\n\n\n<p class=\"has-text-align-center\">Lorem ipsum dolor sit amet, consectetur adipiscing elit, sed do eiusmod tempor incididunt ut labore.<\/p>\n\n\n\n<p class=\"has-text-align-center\"><strong><a href=\"https:\/\/www.bjorkebraten.com\/sv\/timmerstuga\/stuga-no-2\/\">L\u00e4s mer<\/a><\/strong><\/p>\n<\/div>\n\n\n\n<div class=\"wp-block-column is-layout-flow wp-block-column-is-layout-flow\">\n<h2 class=\"wp-block-heading has-text-align-center\"><strong>Stuga No. 3<\/strong><\/h2>\n\n\n\n<figure class=\"wp-block-image size-full\"><a href=\"https:\/\/www.bjorkebraten.com\/sv\/timmerstuga\/stuga-no-3\/\"><img loading=\"lazy\" decoding=\"async\" width=\"1024\" height=\"768\" src=\"https:\/\/www.bjorkebraten.com\/wp-content\/uploads\/2023\/05\/cabin-3-teaser.jpg\" alt=\"\" class=\"wp-image-1342\" srcset=\"https:\/\/www.bjorkebraten.com\/wp-content\/uploads\/2023\/05\/cabin-3-teaser.jpg 1024w, https:\/\/www.bjorkebraten.com\/wp-content\/uploads\/2023\/05\/cabin-3-teaser-300x225.jpg 300w, https:\/\/www.bjorkebraten.com\/wp-content\/uploads\/2023\/05\/cabin-3-teaser-768x576.jpg 768w\" sizes=\"auto, (max-width: 1024px) 100vw, 1024px\" \/><\/a><\/figure>\n\n\n\n<p class=\"has-text-align-center\">Lorem ipsum dolor sit amet, consectetur adipiscing elit, sed do eiusmod tempor incididunt ut labore.<\/p>\n\n\n\n<p class=\"has-text-align-center\"><strong><a href=\"https:\/\/www.bjorkebraten.com\/sv\/timmerstuga\/stuga-no-3\/\">L\u00e4s mer<\/a><\/strong><\/p>\n<\/div>\n<\/div>\n","protected":false},"excerpt":{"rendered":"<p>Njut av en kopp kaffe p\u00e5 altanen p\u00e5 morgonen, andas in ren skogsluft och l\u00e5t era \u00f6gon glida \u00f6ver landskapet \u2013 njut av stunden \u2013 det \u00e4r s\u00e5 h\u00e4r en svensk dag b\u00f6rjar i en av v\u00e5ra stugor. V\u00e5ra timmerstugor \u00e4r lokaliserade ute i skogen n\u00e4ra v\u00e5r g\u00e5rd \u2013 man kan n\u00e5 v\u00e5r lokala by [&hellip;]<\/p>\n","protected":false},"author":1,"featured_media":1574,"parent":0,"menu_order":0,"comment_status":"closed","ping_status":"open","template":"","meta":{"_acf_changed":false,"footnotes":""},"class_list":["post-1755","page","type-page","status-publish","has-post-thumbnail","hentry"],"acf":[],"yoast_head":"<!-- This site is optimized with the Yoast SEO plugin v27.5 - https:\/\/yoast.com\/product\/yoast-seo-wordpress\/ -->\n<title>Timmerstugor - Bj\u00f6rkebr\u00e5ten Log Cabins<\/title>\n<meta name=\"description\" content=\"3 traditionella timmerstugor f\u00f6r 6-8 g\u00e4ster i Sm\u00e5land. Fullt utrustade med k\u00f6k, \u00f6ppen spis, bastu och badtunna. Direkt vid egen sj\u00f6. Fr\u00e5ga nu!\" \/>\n<meta name=\"robots\" content=\"index, follow, max-snippet:-1, max-image-preview:large, max-video-preview:-1\" \/>\n<link rel=\"canonical\" href=\"https:\/\/www.bjorkebraten.com\/sv\/timmerstugor\/\" \/>\n<meta property=\"og:locale\" content=\"sv_SE\" \/>\n<meta property=\"og:type\" content=\"article\" \/>\n<meta property=\"og:title\" content=\"Timmerstugor - Bj\u00f6rkebr\u00e5ten Log Cabins\" \/>\n<meta property=\"og:description\" content=\"3 traditionella timmerstugor f\u00f6r 6-8 g\u00e4ster i Sm\u00e5land. Fullt utrustade med k\u00f6k, \u00f6ppen spis, bastu och badtunna. Direkt vid egen sj\u00f6. Fr\u00e5ga nu!\" \/>\n<meta property=\"og:url\" content=\"https:\/\/www.bjorkebraten.com\/sv\/timmerstugor\/\" \/>\n<meta property=\"og:site_name\" content=\"Bj\u00f6rkebr\u00e5ten Log Cabins\" \/>\n<meta property=\"article:publisher\" content=\"https:\/\/www.facebook.com\/bjorkebratenlogcabins\/\" \/>\n<meta property=\"article:modified_time\" content=\"2026-04-26T14:32:48+00:00\" \/>\n<meta property=\"og:image\" content=\"https:\/\/www.bjorkebraten.com\/wp-content\/uploads\/2018\/02\/log-Cabin-Hoest-029-1-1024x768.jpg\" \/>\n\t<meta property=\"og:image:width\" content=\"1024\" \/>\n\t<meta property=\"og:image:height\" content=\"768\" \/>\n\t<meta property=\"og:image:type\" content=\"image\/jpeg\" \/>\n<meta name=\"twitter:card\" content=\"summary_large_image\" \/>\n<meta name=\"twitter:label1\" content=\"Ber\u00e4knad l\u00e4stid\" \/>\n\t<meta name=\"twitter:data1\" content=\"2 minuter\" \/>\n<script type=\"application\/ld+json\" class=\"yoast-schema-graph\">{\"@context\":\"https:\\\/\\\/schema.org\",\"@graph\":[{\"@type\":\"WebPage\",\"@id\":\"https:\\\/\\\/www.bjorkebraten.com\\\/sv\\\/timmerstugor\\\/\",\"url\":\"https:\\\/\\\/www.bjorkebraten.com\\\/sv\\\/timmerstugor\\\/\",\"name\":\"Timmerstugor - Bj\u00f6rkebr\u00e5ten Log Cabins\",\"isPartOf\":{\"@id\":\"https:\\\/\\\/www.bjorkebraten.com\\\/sv\\\/#website\"},\"primaryImageOfPage\":{\"@id\":\"https:\\\/\\\/www.bjorkebraten.com\\\/sv\\\/timmerstugor\\\/#primaryimage\"},\"image\":{\"@id\":\"https:\\\/\\\/www.bjorkebraten.com\\\/sv\\\/timmerstugor\\\/#primaryimage\"},\"thumbnailUrl\":\"https:\\\/\\\/www.bjorkebraten.com\\\/wp-content\\\/uploads\\\/2018\\\/02\\\/log-Cabin-Hoest-029-1.jpg\",\"datePublished\":\"2018-02-06T18:20:32+00:00\",\"dateModified\":\"2026-04-26T14:32:48+00:00\",\"description\":\"3 traditionella timmerstugor f\u00f6r 6-8 g\u00e4ster i Sm\u00e5land. Fullt utrustade med k\u00f6k, \u00f6ppen spis, bastu och badtunna. Direkt vid egen sj\u00f6. Fr\u00e5ga nu!\",\"breadcrumb\":{\"@id\":\"https:\\\/\\\/www.bjorkebraten.com\\\/sv\\\/timmerstugor\\\/#breadcrumb\"},\"inLanguage\":\"sv-SE\",\"potentialAction\":[{\"@type\":\"ReadAction\",\"target\":[\"https:\\\/\\\/www.bjorkebraten.com\\\/sv\\\/timmerstugor\\\/\"]}]},{\"@type\":\"ImageObject\",\"inLanguage\":\"sv-SE\",\"@id\":\"https:\\\/\\\/www.bjorkebraten.com\\\/sv\\\/timmerstugor\\\/#primaryimage\",\"url\":\"https:\\\/\\\/www.bjorkebraten.com\\\/wp-content\\\/uploads\\\/2018\\\/02\\\/log-Cabin-Hoest-029-1.jpg\",\"contentUrl\":\"https:\\\/\\\/www.bjorkebraten.com\\\/wp-content\\\/uploads\\\/2018\\\/02\\\/log-Cabin-Hoest-029-1.jpg\",\"width\":3264,\"height\":2448,\"caption\":\"Cabin 2\"},{\"@type\":\"BreadcrumbList\",\"@id\":\"https:\\\/\\\/www.bjorkebraten.com\\\/sv\\\/timmerstugor\\\/#breadcrumb\",\"itemListElement\":[{\"@type\":\"ListItem\",\"position\":1,\"name\":\"Home\",\"item\":\"https:\\\/\\\/www.bjorkebraten.com\\\/sv\\\/\"},{\"@type\":\"ListItem\",\"position\":2,\"name\":\"Timmerstugor\"}]},{\"@type\":\"WebSite\",\"@id\":\"https:\\\/\\\/www.bjorkebraten.com\\\/sv\\\/#website\",\"url\":\"https:\\\/\\\/www.bjorkebraten.com\\\/sv\\\/\",\"name\":\"Bj\u00f6rkebr\u00e5ten Log Cabins\",\"description\":\"Stugsemester i Sm\u00e5land, Sverige\",\"publisher\":{\"@id\":\"https:\\\/\\\/www.bjorkebraten.com\\\/sv\\\/#organization\"},\"potentialAction\":[{\"@type\":\"SearchAction\",\"target\":{\"@type\":\"EntryPoint\",\"urlTemplate\":\"https:\\\/\\\/www.bjorkebraten.com\\\/sv\\\/?s={search_term_string}\"},\"query-input\":{\"@type\":\"PropertyValueSpecification\",\"valueRequired\":true,\"valueName\":\"search_term_string\"}}],\"inLanguage\":\"sv-SE\"},{\"@type\":\"Organization\",\"@id\":\"https:\\\/\\\/www.bjorkebraten.com\\\/sv\\\/#organization\",\"name\":\"Bj\u00f6rkebr\u00e5ten Log Cabins\",\"url\":\"https:\\\/\\\/www.bjorkebraten.com\\\/sv\\\/\",\"logo\":{\"@type\":\"ImageObject\",\"inLanguage\":\"sv-SE\",\"@id\":\"https:\\\/\\\/www.bjorkebraten.com\\\/sv\\\/#\\\/schema\\\/logo\\\/image\\\/\",\"url\":\"https:\\\/\\\/www.bjorkebraten.com\\\/wp-content\\\/uploads\\\/2023\\\/05\\\/bjoerkebraten.png\",\"contentUrl\":\"https:\\\/\\\/www.bjorkebraten.com\\\/wp-content\\\/uploads\\\/2023\\\/05\\\/bjoerkebraten.png\",\"width\":524,\"height\":262,\"caption\":\"Bj\u00f6rkebr\u00e5ten Log Cabins\"},\"image\":{\"@id\":\"https:\\\/\\\/www.bjorkebraten.com\\\/sv\\\/#\\\/schema\\\/logo\\\/image\\\/\"},\"sameAs\":[\"https:\\\/\\\/www.facebook.com\\\/bjorkebratenlogcabins\\\/\"]}]}<\/script>\n<!-- \/ Yoast SEO plugin. -->","yoast_head_json":{"title":"Timmerstugor - Bj\u00f6rkebr\u00e5ten Log Cabins","description":"3 traditionella timmerstugor f\u00f6r 6-8 g\u00e4ster i Sm\u00e5land. Fullt utrustade med k\u00f6k, \u00f6ppen spis, bastu och badtunna. Direkt vid egen sj\u00f6. Fr\u00e5ga nu!","robots":{"index":"index","follow":"follow","max-snippet":"max-snippet:-1","max-image-preview":"max-image-preview:large","max-video-preview":"max-video-preview:-1"},"canonical":"https:\/\/www.bjorkebraten.com\/sv\/timmerstugor\/","og_locale":"sv_SE","og_type":"article","og_title":"Timmerstugor - Bj\u00f6rkebr\u00e5ten Log Cabins","og_description":"3 traditionella timmerstugor f\u00f6r 6-8 g\u00e4ster i Sm\u00e5land. Fullt utrustade med k\u00f6k, \u00f6ppen spis, bastu och badtunna. Direkt vid egen sj\u00f6. Fr\u00e5ga nu!","og_url":"https:\/\/www.bjorkebraten.com\/sv\/timmerstugor\/","og_site_name":"Bj\u00f6rkebr\u00e5ten Log Cabins","article_publisher":"https:\/\/www.facebook.com\/bjorkebratenlogcabins\/","article_modified_time":"2026-04-26T14:32:48+00:00","og_image":[{"width":1024,"height":768,"url":"https:\/\/www.bjorkebraten.com\/wp-content\/uploads\/2018\/02\/log-Cabin-Hoest-029-1-1024x768.jpg","type":"image\/jpeg"}],"twitter_card":"summary_large_image","twitter_misc":{"Ber\u00e4knad l\u00e4stid":"2 minuter"},"schema":{"@context":"https:\/\/schema.org","@graph":[{"@type":"WebPage","@id":"https:\/\/www.bjorkebraten.com\/sv\/timmerstugor\/","url":"https:\/\/www.bjorkebraten.com\/sv\/timmerstugor\/","name":"Timmerstugor - Bj\u00f6rkebr\u00e5ten Log Cabins","isPartOf":{"@id":"https:\/\/www.bjorkebraten.com\/sv\/#website"},"primaryImageOfPage":{"@id":"https:\/\/www.bjorkebraten.com\/sv\/timmerstugor\/#primaryimage"},"image":{"@id":"https:\/\/www.bjorkebraten.com\/sv\/timmerstugor\/#primaryimage"},"thumbnailUrl":"https:\/\/www.bjorkebraten.com\/wp-content\/uploads\/2018\/02\/log-Cabin-Hoest-029-1.jpg","datePublished":"2018-02-06T18:20:32+00:00","dateModified":"2026-04-26T14:32:48+00:00","description":"3 traditionella timmerstugor f\u00f6r 6-8 g\u00e4ster i Sm\u00e5land. Fullt utrustade med k\u00f6k, \u00f6ppen spis, bastu och badtunna. Direkt vid egen sj\u00f6. Fr\u00e5ga nu!","breadcrumb":{"@id":"https:\/\/www.bjorkebraten.com\/sv\/timmerstugor\/#breadcrumb"},"inLanguage":"sv-SE","potentialAction":[{"@type":"ReadAction","target":["https:\/\/www.bjorkebraten.com\/sv\/timmerstugor\/"]}]},{"@type":"ImageObject","inLanguage":"sv-SE","@id":"https:\/\/www.bjorkebraten.com\/sv\/timmerstugor\/#primaryimage","url":"https:\/\/www.bjorkebraten.com\/wp-content\/uploads\/2018\/02\/log-Cabin-Hoest-029-1.jpg","contentUrl":"https:\/\/www.bjorkebraten.com\/wp-content\/uploads\/2018\/02\/log-Cabin-Hoest-029-1.jpg","width":3264,"height":2448,"caption":"Cabin 2"},{"@type":"BreadcrumbList","@id":"https:\/\/www.bjorkebraten.com\/sv\/timmerstugor\/#breadcrumb","itemListElement":[{"@type":"ListItem","position":1,"name":"Home","item":"https:\/\/www.bjorkebraten.com\/sv\/"},{"@type":"ListItem","position":2,"name":"Timmerstugor"}]},{"@type":"WebSite","@id":"https:\/\/www.bjorkebraten.com\/sv\/#website","url":"https:\/\/www.bjorkebraten.com\/sv\/","name":"Bj\u00f6rkebr\u00e5ten Log Cabins","description":"Stugsemester i Sm\u00e5land, Sverige","publisher":{"@id":"https:\/\/www.bjorkebraten.com\/sv\/#organization"},"potentialAction":[{"@type":"SearchAction","target":{"@type":"EntryPoint","urlTemplate":"https:\/\/www.bjorkebraten.com\/sv\/?s={search_term_string}"},"query-input":{"@type":"PropertyValueSpecification","valueRequired":true,"valueName":"search_term_string"}}],"inLanguage":"sv-SE"},{"@type":"Organization","@id":"https:\/\/www.bjorkebraten.com\/sv\/#organization","name":"Bj\u00f6rkebr\u00e5ten Log Cabins","url":"https:\/\/www.bjorkebraten.com\/sv\/","logo":{"@type":"ImageObject","inLanguage":"sv-SE","@id":"https:\/\/www.bjorkebraten.com\/sv\/#\/schema\/logo\/image\/","url":"https:\/\/www.bjorkebraten.com\/wp-content\/uploads\/2023\/05\/bjoerkebraten.png","contentUrl":"https:\/\/www.bjorkebraten.com\/wp-content\/uploads\/2023\/05\/bjoerkebraten.png","width":524,"height":262,"caption":"Bj\u00f6rkebr\u00e5ten Log Cabins"},"image":{"@id":"https:\/\/www.bjorkebraten.com\/sv\/#\/schema\/logo\/image\/"},"sameAs":["https:\/\/www.facebook.com\/bjorkebratenlogcabins\/"]}]}},"_links":{"self":[{"href":"https:\/\/www.bjorkebraten.com\/sv\/wp-json\/wp\/v2\/pages\/1755","targetHints":{"allow":["GET"]}}],"collection":[{"href":"https:\/\/www.bjorkebraten.com\/sv\/wp-json\/wp\/v2\/pages"}],"about":[{"href":"https:\/\/www.bjorkebraten.com\/sv\/wp-json\/wp\/v2\/types\/page"}],"author":[{"embeddable":true,"href":"https:\/\/www.bjorkebraten.com\/sv\/wp-json\/wp\/v2\/users\/1"}],"replies":[{"embeddable":true,"href":"https:\/\/www.bjorkebraten.com\/sv\/wp-json\/wp\/v2\/comments?post=1755"}],"version-history":[{"count":6,"href":"https:\/\/www.bjorkebraten.com\/sv\/wp-json\/wp\/v2\/pages\/1755\/revisions"}],"predecessor-version":[{"id":2254,"href":"https:\/\/www.bjorkebraten.com\/sv\/wp-json\/wp\/v2\/pages\/1755\/revisions\/2254"}],"wp:featuredmedia":[{"embeddable":true,"href":"https:\/\/www.bjorkebraten.com\/sv\/wp-json\/wp\/v2\/media\/1574"}],"wp:attachment":[{"href":"https:\/\/www.bjorkebraten.com\/sv\/wp-json\/wp\/v2\/media?parent=1755"}],"curies":[{"name":"wp","href":"https:\/\/api.w.org\/{rel}","templated":true}]}}