{"id":1759,"date":"2018-02-07T06:54:57","date_gmt":"2018-02-07T05:54:57","guid":{"rendered":"https:\/\/bjorkebraten.joerrens.com\/priser-2023-24\/"},"modified":"2026-05-01T08:31:30","modified_gmt":"2026-05-01T06:31:30","slug":"priser","status":"publish","type":"page","link":"https:\/\/www.bjorkebraten.com\/sv\/priser\/","title":{"rendered":"Priser"},"content":{"rendered":"<div class=\"bjk-table-wrap\"><table class=\"bjk-table\"><thead><tr><th>Priser 2026<\/th><th>Stuga 1 (med pool)<\/th><th>Stuga 2<\/th><th>Stuga 3<\/th><\/tr><\/thead><tbody><tr><td data-label=\"Period\">18. juni - 3. september<br>Vecka<\/td><td data-label=\"Cabin 1\">14 500 kr<\/td><td data-label=\"Cabin 2\">11 500 kr<\/td><td data-label=\"Cabin 3\">1 350 kr<\/td><\/tr><tr><td data-label=\"Period\">4. september - 17. juni<br>Vecka<\/td><td data-label=\"Cabin 1\">10 500 kr<\/td><td data-label=\"Cabin 2\">10 000 kr<\/td><td data-label=\"Cabin 3\">10 500 kr<\/td><\/tr><tr><td data-label=\"Period\">Kort vistelse<\/td><td data-label=\"Cabin 1\">5 000 kr \/ 2 n\u00e4tter<\/td><td data-label=\"Cabin 2\">5 000 kr \/ 2 n\u00e4tter<\/td><td data-label=\"Cabin 3\">5 000 kr \/ 2 n\u00e4tter<\/td><\/tr><tr><td data-label=\"Period\">Extra n\u00e4tter<\/td><td data-label=\"Cabin 1\">1 250 kr<\/td><td data-label=\"Cabin 2\">1 250 kr<\/td><td data-label=\"Cabin 3\">1 250 kr<\/td><\/tr><\/tbody><\/table><\/div><div class=\"bjk-table-wrap\"><table class=\"bjk-table\"><thead><tr><th>Alternativ<\/th><th>Pris<\/th><\/tr><\/thead><tbody><tr><td data-label=\"Alternativ\">St\u00e4dning<\/td><td data-label=\"Pris\">1 250 kr<\/td><\/tr><tr><td data-label=\"Alternativ\">Deposition (\u00e5terbetalas)<\/td><td data-label=\"Pris\">3 000 kr<\/td><\/tr><tr><td data-label=\"Alternativ\">Lakan + handdukar<\/td><td data-label=\"Pris\">200 kr per person<\/td><\/tr><tr><td data-label=\"Alternativ\">Husdjur<\/td><td data-label=\"Pris\">500 kr per husdjur<\/td><\/tr><tr><td data-label=\"Alternativ\">Motor (5 hk)<\/td><td data-label=\"Pris\">250 kr per dag<\/td><\/tr><tr><td data-label=\"Alternativ\">El<\/td><td data-label=\"Pris\">gratis<\/td><\/tr><tr><td data-label=\"Alternativ\">Ved (f\u00f6r badtunna, bastu och kamin)<\/td><td data-label=\"Pris\">gratis<\/td><\/tr><tr><td data-label=\"Alternativ\">Fiskeb\u00e5t<\/td><td data-label=\"Pris\">gratis<\/td><\/tr><tr><td data-label=\"Alternativ\">Fiske i v\u00e5r damm<\/td><td data-label=\"Pris\">2 regnb\u00e5gsforeller gratis per stuga och vecka, extra fisk 100 kr per styck<\/td><\/tr><\/tbody><\/table><\/div><p><strong>Observera:<\/strong> Vid bokning kr\u00e4vs en handpenning p\u00e5 50 % som inte \u00e5terbetalas vid avbokning fr\u00e5n g\u00e4stens sida. Vi rekommenderar att teckna en avbest\u00e4llningsf\u00f6rs\u00e4kring. Resterande belopp ska betalas senast 6 veckor f\u00f6re ankomst.<\/p><p class=\"bjk-table-updated\"><small>Uppdaterat: maj 2026<\/small><\/p>\n\n\n\n<p><\/p>\n","protected":false},"excerpt":{"rendered":"","protected":false},"author":1,"featured_media":0,"parent":0,"menu_order":0,"comment_status":"closed","ping_status":"closed","template":"","meta":{"_acf_changed":false,"footnotes":""},"class_list":["post-1759","page","type-page","status-publish","hentry"],"acf":[],"yoast_head":"<!-- This site is optimized with the Yoast SEO plugin v27.4 - https:\/\/yoast.com\/product\/yoast-seo-wordpress\/ -->\n<title>Priser - Bj\u00f6rkebr\u00e5ten Log Cabins<\/title>\n<meta name=\"description\" content=\"Bj\u00f6rkebraten Log Cabins \u2713 Bes\u00f6k Sverige \u2713 Fritidshus med braskamin \u2713 Semester med hund \u2713 Bastu \u2713 \u00d6stersj\u00f6n \u2713 Karlshamn \u2713 Badtunna \u2713 Fiske vid sj\u00f6arna \u2713 B\u00e5t \u2713 Natur \u2713 Sj\u00f6ar \u2713 Husdjur till\u00e5tna - Boka din semester i Sverige nu!\" \/>\n<meta name=\"robots\" content=\"index, follow, max-snippet:-1, max-image-preview:large, max-video-preview:-1\" \/>\n<link rel=\"canonical\" href=\"https:\/\/www.bjorkebraten.com\/sv\/priser\/\" \/>\n<meta property=\"og:locale\" content=\"sv_SE\" \/>\n<meta property=\"og:type\" content=\"article\" \/>\n<meta property=\"og:title\" content=\"Priser - Bj\u00f6rkebr\u00e5ten Log Cabins\" \/>\n<meta property=\"og:description\" content=\"Bj\u00f6rkebraten Log Cabins \u2713 Bes\u00f6k Sverige \u2713 Fritidshus med braskamin \u2713 Semester med hund \u2713 Bastu \u2713 \u00d6stersj\u00f6n \u2713 Karlshamn \u2713 Badtunna \u2713 Fiske vid sj\u00f6arna \u2713 B\u00e5t \u2713 Natur \u2713 Sj\u00f6ar \u2713 Husdjur till\u00e5tna - Boka din semester i Sverige nu!\" \/>\n<meta property=\"og:url\" content=\"https:\/\/www.bjorkebraten.com\/sv\/priser\/\" \/>\n<meta property=\"og:site_name\" content=\"Bj\u00f6rkebr\u00e5ten Log Cabins\" \/>\n<meta property=\"article:publisher\" content=\"https:\/\/www.facebook.com\/bjorkebratenlogcabins\/\" \/>\n<meta property=\"article:modified_time\" content=\"2026-05-01T06:31:30+00:00\" \/>\n<meta name=\"twitter:card\" content=\"summary_large_image\" \/>\n<meta name=\"twitter:label1\" content=\"Ber\u00e4knad l\u00e4stid\" \/>\n\t<meta name=\"twitter:data1\" content=\"1 minut\" \/>\n<script type=\"application\/ld+json\" class=\"yoast-schema-graph\">{\"@context\":\"https:\\\/\\\/schema.org\",\"@graph\":[{\"@type\":\"WebPage\",\"@id\":\"https:\\\/\\\/www.bjorkebraten.com\\\/sv\\\/priser\\\/\",\"url\":\"https:\\\/\\\/www.bjorkebraten.com\\\/sv\\\/priser\\\/\",\"name\":\"Priser - Bj\u00f6rkebr\u00e5ten Log Cabins\",\"isPartOf\":{\"@id\":\"https:\\\/\\\/www.bjorkebraten.com\\\/sv\\\/#website\"},\"datePublished\":\"2018-02-07T05:54:57+00:00\",\"dateModified\":\"2026-05-01T06:31:30+00:00\",\"description\":\"Bj\u00f6rkebraten Log Cabins \u2713 Bes\u00f6k Sverige \u2713 Fritidshus med braskamin \u2713 Semester med hund \u2713 Bastu \u2713 \u00d6stersj\u00f6n \u2713 Karlshamn \u2713 Badtunna \u2713 Fiske vid sj\u00f6arna \u2713 B\u00e5t \u2713 Natur \u2713 Sj\u00f6ar \u2713 Husdjur till\u00e5tna - Boka din semester i Sverige nu!\",\"breadcrumb\":{\"@id\":\"https:\\\/\\\/www.bjorkebraten.com\\\/sv\\\/priser\\\/#breadcrumb\"},\"inLanguage\":\"sv-SE\",\"potentialAction\":[{\"@type\":\"ReadAction\",\"target\":[\"https:\\\/\\\/www.bjorkebraten.com\\\/sv\\\/priser\\\/\"]}]},{\"@type\":\"BreadcrumbList\",\"@id\":\"https:\\\/\\\/www.bjorkebraten.com\\\/sv\\\/priser\\\/#breadcrumb\",\"itemListElement\":[{\"@type\":\"ListItem\",\"position\":1,\"name\":\"Home\",\"item\":\"https:\\\/\\\/www.bjorkebraten.com\\\/sv\\\/\"},{\"@type\":\"ListItem\",\"position\":2,\"name\":\"Priser\"}]},{\"@type\":\"WebSite\",\"@id\":\"https:\\\/\\\/www.bjorkebraten.com\\\/sv\\\/#website\",\"url\":\"https:\\\/\\\/www.bjorkebraten.com\\\/sv\\\/\",\"name\":\"Bj\u00f6rkebr\u00e5ten Log Cabins\",\"description\":\"Stugsemester i Sm\u00e5land, Sverige\",\"publisher\":{\"@id\":\"https:\\\/\\\/www.bjorkebraten.com\\\/sv\\\/#organization\"},\"potentialAction\":[{\"@type\":\"SearchAction\",\"target\":{\"@type\":\"EntryPoint\",\"urlTemplate\":\"https:\\\/\\\/www.bjorkebraten.com\\\/sv\\\/?s={search_term_string}\"},\"query-input\":{\"@type\":\"PropertyValueSpecification\",\"valueRequired\":true,\"valueName\":\"search_term_string\"}}],\"inLanguage\":\"sv-SE\"},{\"@type\":\"Organization\",\"@id\":\"https:\\\/\\\/www.bjorkebraten.com\\\/sv\\\/#organization\",\"name\":\"Bj\u00f6rkebr\u00e5ten Log Cabins\",\"url\":\"https:\\\/\\\/www.bjorkebraten.com\\\/sv\\\/\",\"logo\":{\"@type\":\"ImageObject\",\"inLanguage\":\"sv-SE\",\"@id\":\"https:\\\/\\\/www.bjorkebraten.com\\\/sv\\\/#\\\/schema\\\/logo\\\/image\\\/\",\"url\":\"https:\\\/\\\/www.bjorkebraten.com\\\/wp-content\\\/uploads\\\/2023\\\/05\\\/bjoerkebraten.png\",\"contentUrl\":\"https:\\\/\\\/www.bjorkebraten.com\\\/wp-content\\\/uploads\\\/2023\\\/05\\\/bjoerkebraten.png\",\"width\":524,\"height\":262,\"caption\":\"Bj\u00f6rkebr\u00e5ten Log Cabins\"},\"image\":{\"@id\":\"https:\\\/\\\/www.bjorkebraten.com\\\/sv\\\/#\\\/schema\\\/logo\\\/image\\\/\"},\"sameAs\":[\"https:\\\/\\\/www.facebook.com\\\/bjorkebratenlogcabins\\\/\"]}]}<\/script>\n<!-- \/ Yoast SEO plugin. -->","yoast_head_json":{"title":"Priser - Bj\u00f6rkebr\u00e5ten Log Cabins","description":"Bj\u00f6rkebraten Log Cabins \u2713 Bes\u00f6k Sverige \u2713 Fritidshus med braskamin \u2713 Semester med hund \u2713 Bastu \u2713 \u00d6stersj\u00f6n \u2713 Karlshamn \u2713 Badtunna \u2713 Fiske vid sj\u00f6arna \u2713 B\u00e5t \u2713 Natur \u2713 Sj\u00f6ar \u2713 Husdjur till\u00e5tna - Boka din semester i Sverige nu!","robots":{"index":"index","follow":"follow","max-snippet":"max-snippet:-1","max-image-preview":"max-image-preview:large","max-video-preview":"max-video-preview:-1"},"canonical":"https:\/\/www.bjorkebraten.com\/sv\/priser\/","og_locale":"sv_SE","og_type":"article","og_title":"Priser - Bj\u00f6rkebr\u00e5ten Log Cabins","og_description":"Bj\u00f6rkebraten Log Cabins \u2713 Bes\u00f6k Sverige \u2713 Fritidshus med braskamin \u2713 Semester med hund \u2713 Bastu \u2713 \u00d6stersj\u00f6n \u2713 Karlshamn \u2713 Badtunna \u2713 Fiske vid sj\u00f6arna \u2713 B\u00e5t \u2713 Natur \u2713 Sj\u00f6ar \u2713 Husdjur till\u00e5tna - Boka din semester i Sverige nu!","og_url":"https:\/\/www.bjorkebraten.com\/sv\/priser\/","og_site_name":"Bj\u00f6rkebr\u00e5ten Log Cabins","article_publisher":"https:\/\/www.facebook.com\/bjorkebratenlogcabins\/","article_modified_time":"2026-05-01T06:31:30+00:00","twitter_card":"summary_large_image","twitter_misc":{"Ber\u00e4knad l\u00e4stid":"1 minut"},"schema":{"@context":"https:\/\/schema.org","@graph":[{"@type":"WebPage","@id":"https:\/\/www.bjorkebraten.com\/sv\/priser\/","url":"https:\/\/www.bjorkebraten.com\/sv\/priser\/","name":"Priser - Bj\u00f6rkebr\u00e5ten Log Cabins","isPartOf":{"@id":"https:\/\/www.bjorkebraten.com\/sv\/#website"},"datePublished":"2018-02-07T05:54:57+00:00","dateModified":"2026-05-01T06:31:30+00:00","description":"Bj\u00f6rkebraten Log Cabins \u2713 Bes\u00f6k Sverige \u2713 Fritidshus med braskamin \u2713 Semester med hund \u2713 Bastu \u2713 \u00d6stersj\u00f6n \u2713 Karlshamn \u2713 Badtunna \u2713 Fiske vid sj\u00f6arna \u2713 B\u00e5t \u2713 Natur \u2713 Sj\u00f6ar \u2713 Husdjur till\u00e5tna - Boka din semester i Sverige nu!","breadcrumb":{"@id":"https:\/\/www.bjorkebraten.com\/sv\/priser\/#breadcrumb"},"inLanguage":"sv-SE","potentialAction":[{"@type":"ReadAction","target":["https:\/\/www.bjorkebraten.com\/sv\/priser\/"]}]},{"@type":"BreadcrumbList","@id":"https:\/\/www.bjorkebraten.com\/sv\/priser\/#breadcrumb","itemListElement":[{"@type":"ListItem","position":1,"name":"Home","item":"https:\/\/www.bjorkebraten.com\/sv\/"},{"@type":"ListItem","position":2,"name":"Priser"}]},{"@type":"WebSite","@id":"https:\/\/www.bjorkebraten.com\/sv\/#website","url":"https:\/\/www.bjorkebraten.com\/sv\/","name":"Bj\u00f6rkebr\u00e5ten Log Cabins","description":"Stugsemester i Sm\u00e5land, Sverige","publisher":{"@id":"https:\/\/www.bjorkebraten.com\/sv\/#organization"},"potentialAction":[{"@type":"SearchAction","target":{"@type":"EntryPoint","urlTemplate":"https:\/\/www.bjorkebraten.com\/sv\/?s={search_term_string}"},"query-input":{"@type":"PropertyValueSpecification","valueRequired":true,"valueName":"search_term_string"}}],"inLanguage":"sv-SE"},{"@type":"Organization","@id":"https:\/\/www.bjorkebraten.com\/sv\/#organization","name":"Bj\u00f6rkebr\u00e5ten Log Cabins","url":"https:\/\/www.bjorkebraten.com\/sv\/","logo":{"@type":"ImageObject","inLanguage":"sv-SE","@id":"https:\/\/www.bjorkebraten.com\/sv\/#\/schema\/logo\/image\/","url":"https:\/\/www.bjorkebraten.com\/wp-content\/uploads\/2023\/05\/bjoerkebraten.png","contentUrl":"https:\/\/www.bjorkebraten.com\/wp-content\/uploads\/2023\/05\/bjoerkebraten.png","width":524,"height":262,"caption":"Bj\u00f6rkebr\u00e5ten Log Cabins"},"image":{"@id":"https:\/\/www.bjorkebraten.com\/sv\/#\/schema\/logo\/image\/"},"sameAs":["https:\/\/www.facebook.com\/bjorkebratenlogcabins\/"]}]}},"_links":{"self":[{"href":"https:\/\/www.bjorkebraten.com\/sv\/wp-json\/wp\/v2\/pages\/1759","targetHints":{"allow":["GET"]}}],"collection":[{"href":"https:\/\/www.bjorkebraten.com\/sv\/wp-json\/wp\/v2\/pages"}],"about":[{"href":"https:\/\/www.bjorkebraten.com\/sv\/wp-json\/wp\/v2\/types\/page"}],"author":[{"embeddable":true,"href":"https:\/\/www.bjorkebraten.com\/sv\/wp-json\/wp\/v2\/users\/1"}],"replies":[{"embeddable":true,"href":"https:\/\/www.bjorkebraten.com\/sv\/wp-json\/wp\/v2\/comments?post=1759"}],"version-history":[{"count":8,"href":"https:\/\/www.bjorkebraten.com\/sv\/wp-json\/wp\/v2\/pages\/1759\/revisions"}],"predecessor-version":[{"id":2295,"href":"https:\/\/www.bjorkebraten.com\/sv\/wp-json\/wp\/v2\/pages\/1759\/revisions\/2295"}],"wp:attachment":[{"href":"https:\/\/www.bjorkebraten.com\/sv\/wp-json\/wp\/v2\/media?parent=1759"}],"curies":[{"name":"wp","href":"https:\/\/api.w.org\/{rel}","templated":true}]}}