{"id":1763,"date":"2018-02-12T13:17:35","date_gmt":"2018-02-12T12:17:35","guid":{"rendered":"https:\/\/bjorkebraten.joerrens.com\/valkomna-till-sverige\/"},"modified":"2026-04-26T15:21:19","modified_gmt":"2026-04-26T13:21:19","slug":"valkomna-till-sverige","status":"publish","type":"page","link":"https:\/\/www.bjorkebraten.com\/sv\/","title":{"rendered":"V\u00e4lkomna till Sm\u00e5land"},"content":{"rendered":"\n<p>V\u00e4lkomna till v\u00e5r hemsida och v\u00e5ra underbara timmerstugor h\u00e4r i sm\u00e5land i s\u00f6dra Sverige. Vi bor mitt ute i naturen omringade av skog och sj\u00f6ar p\u00e5 en liten g\u00e5rd. H\u00e4r har vi f\u00e5r, highland kor och 3 st timmerstugor.   Bes\u00f6k oss och njut av tiden mitt ute i naturen och utforska skogen, cykla, g\u00e5, fiska, \u00e5ka b\u00e5t, bada i alla sj\u00f6ar eller g\u00f6r ingenting och njut av lugnet av v\u00e5r underbara omgivning. Bj\u00f6rkebr\u00e5ten \u00e4r lokaliserat i s\u00f6dra Sverige och kan enkelt n\u00e5s med bil, flyg, buss eller t\u00e5g. Naturen inbjuder er att komma och utforska. Vi talar svenska, tyska och engelska.<\/p>\n\n\n\n<h2 class=\"wp-block-heading\"><strong>Timmerstugor<\/strong><\/h2>\n\n\n\n<p>En dr\u00f6m semester \u2013 en semester i en traditionell timmerstuga! V\u00e5ra underbara timmerstugor \u00e4r traditionellt byggda till en h\u00f6g standard, med modernt k\u00f6k och badrum. Perfekt utrustat k\u00f6k, massor med plats f\u00f6r familjen plus WiFi, tv och vedkamin. Allt man beh\u00f6ver f\u00f6r en underbar semester mitt ute i naturen. Omringade av skog n\u00e5gra kor och f\u00e5r och en damm d\u00e4r ni kan fiska regnb\u00e5gsforell (max 2 st per stuga). Mer seri\u00f6st fiske finns inom n\u00e5gra minuter fr\u00e5n oss och vi hj\u00e4lper er mer \u00e4n g\u00e4rna med fiskekort och b\u00e5tar.    <\/p>\n\n\n\n<div class=\"wp-block-columns is-layout-flex wp-container-core-columns-is-layout-9d6595d7 wp-block-columns-is-layout-flex\">\n<div class=\"wp-block-column is-layout-flow wp-block-column-is-layout-flow\">\n<h2 class=\"wp-block-heading has-text-align-center\"><strong>Stuga No. 1<\/strong><\/h2>\n\n\n\n<figure class=\"wp-block-image size-large no-lightbox\"><a href=\"https:\/\/www.bjorkebraten.com\/sv\/timmerstuga\/stuga-no-1\/\"><img loading=\"lazy\" decoding=\"async\" width=\"1024\" height=\"768\" src=\"https:\/\/www.bjorkebraten.com\/wp-content\/uploads\/2018\/02\/IMG_6363-1024x768.jpg\" alt=\"\" class=\"wp-image-395\" srcset=\"https:\/\/www.bjorkebraten.com\/wp-content\/uploads\/2018\/02\/IMG_6363-1024x768.jpg 1024w, https:\/\/www.bjorkebraten.com\/wp-content\/uploads\/2018\/02\/IMG_6363-300x225.jpg 300w, https:\/\/www.bjorkebraten.com\/wp-content\/uploads\/2018\/02\/IMG_6363-768x576.jpg 768w\" sizes=\"auto, (max-width: 1024px) 100vw, 1024px\" \/><\/a><\/figure>\n\n\n\n<p class=\"has-text-align-center\">Stuga 1 har plats f\u00f6r upp till 8 personer 6+2 &#8211; 1 sovrum med dubbels\u00e4ng, ett sovloft med 4 fullstora s\u00e4ngar och en b\u00e4ddsoffa i vardagsrummet f\u00f6r 2 personer.<\/p>\n\n\n\n<p class=\"has-text-align-center\"><strong><a href=\"https:\/\/www.bjorkebraten.com\/sv\/timmerstuga\/stuga-no-1\/\">L\u00e4s mer<\/a><\/strong><\/p>\n<\/div>\n\n\n\n<div class=\"wp-block-column is-layout-flow wp-block-column-is-layout-flow\">\n<h2 class=\"wp-block-heading has-text-align-center\"><strong>Stuga No. 2<\/strong><\/h2>\n\n\n\n<figure class=\"wp-block-image size-large no-lightbox\"><a href=\"https:\/\/www.bjorkebraten.com\/sv\/timmerstuga\/stuga-no-2\/\"><img loading=\"lazy\" decoding=\"async\" width=\"1024\" height=\"768\" src=\"https:\/\/www.bjorkebraten.com\/wp-content\/uploads\/2018\/02\/log-Cabin-Hoest-027-1-1024x768.jpg\" alt=\"\" class=\"wp-image-566\" srcset=\"https:\/\/www.bjorkebraten.com\/wp-content\/uploads\/2018\/02\/log-Cabin-Hoest-027-1-1024x768.jpg 1024w, https:\/\/www.bjorkebraten.com\/wp-content\/uploads\/2018\/02\/log-Cabin-Hoest-027-1-300x225.jpg 300w, https:\/\/www.bjorkebraten.com\/wp-content\/uploads\/2018\/02\/log-Cabin-Hoest-027-1-768x576.jpg 768w\" sizes=\"auto, (max-width: 1024px) 100vw, 1024px\" \/><\/a><\/figure>\n\n\n\n<p class=\"has-text-align-center\">Stuga 2 har plats f\u00f6r upp till 7 personer 5+2- ett sovrum med dubbels\u00e4ng, ett sovloft med 2 s\u00e4ngar, ett litet enkelsovrum och en b\u00e4ddsoffa f\u00f6r 2 personer.<\/p>\n\n\n\n<p class=\"has-text-align-center\"><strong><a href=\"https:\/\/www.bjorkebraten.com\/sv\/timmerstuga\/stuga-no-2\/\">L\u00e4s mer<\/a><\/strong><\/p>\n<\/div>\n\n\n\n<div class=\"wp-block-column is-layout-flow wp-block-column-is-layout-flow\">\n<h2 class=\"wp-block-heading has-text-align-center\"><strong>Stuga No. 3<\/strong><\/h2>\n\n\n\n<figure class=\"wp-block-image size-full no-lightbox\"><a href=\"https:\/\/www.bjorkebraten.com\/sv\/timmerstuga\/stuga-no-3\/\"><img loading=\"lazy\" decoding=\"async\" width=\"1024\" height=\"768\" src=\"https:\/\/www.bjorkebraten.com\/wp-content\/uploads\/2023\/05\/cabin-3-teaser.jpg\" alt=\"\" class=\"wp-image-1342\" srcset=\"https:\/\/www.bjorkebraten.com\/wp-content\/uploads\/2023\/05\/cabin-3-teaser.jpg 1024w, https:\/\/www.bjorkebraten.com\/wp-content\/uploads\/2023\/05\/cabin-3-teaser-300x225.jpg 300w, https:\/\/www.bjorkebraten.com\/wp-content\/uploads\/2023\/05\/cabin-3-teaser-768x576.jpg 768w\" sizes=\"auto, (max-width: 1024px) 100vw, 1024px\" \/><\/a><\/figure>\n\n\n\n<p class=\"has-text-align-center\">Cabin 3 can sleep up to 7 people in 3 bedrooms no 1 bedroom with a double bed, a sleeping loft with 3 full size beds and bedroom no3 a double bed.&nbsp;<\/p>\n\n\n\n<p class=\"has-text-align-center\"><strong><a href=\"https:\/\/www.bjorkebraten.com\/sv\/timmerstuga\/stuga-no-3\/\">L\u00e4s mer<\/a><\/strong><\/p>\n<\/div>\n<\/div>\n","protected":false},"excerpt":{"rendered":"<p>V\u00e4lkomna till v\u00e5r hemsida och v\u00e5ra underbara timmerstugor h\u00e4r i sm\u00e5land i s\u00f6dra Sverige. Vi bor mitt ute i naturen omringade av skog och sj\u00f6ar p\u00e5 en liten g\u00e5rd. H\u00e4r har vi f\u00e5r, highland kor och 3 st timmerstugor. Bes\u00f6k oss och njut av tiden mitt ute i naturen och utforska skogen, cykla, g\u00e5, fiska, [&hellip;]<\/p>\n","protected":false},"author":1,"featured_media":0,"parent":0,"menu_order":0,"comment_status":"closed","ping_status":"closed","template":"home.php","meta":{"_acf_changed":false,"footnotes":""},"class_list":["post-1763","page","type-page","status-publish","hentry"],"acf":[],"yoast_head":"<!-- This site is optimized with the Yoast SEO plugin v27.5 - https:\/\/yoast.com\/product\/yoast-seo-wordpress\/ -->\n<title>Timmerstugor i Sm\u00e5land - Bj\u00f6rkebr\u00e5ten Log Cabins<\/title>\n<meta name=\"description\" content=\"3 timmerstugor i Sm\u00e5land f\u00f6r familjer, fiskare och hund\u00e4gare. Med \u00f6ppen spis, bastu, badtunna och egen sj\u00f6. Fr\u00e5ga nu!\" \/>\n<meta name=\"robots\" content=\"index, follow, max-snippet:-1, max-image-preview:large, max-video-preview:-1\" \/>\n<link rel=\"canonical\" href=\"https:\/\/www.bjorkebraten.com\/sv\/\" \/>\n<meta property=\"og:locale\" content=\"sv_SE\" \/>\n<meta property=\"og:type\" content=\"article\" \/>\n<meta property=\"og:title\" content=\"Timmerstugor i Sm\u00e5land - Bj\u00f6rkebr\u00e5ten Log Cabins\" \/>\n<meta property=\"og:description\" content=\"3 timmerstugor i Sm\u00e5land f\u00f6r familjer, fiskare och hund\u00e4gare. Med \u00f6ppen spis, bastu, badtunna och egen sj\u00f6. Fr\u00e5ga nu!\" \/>\n<meta property=\"og:url\" content=\"https:\/\/www.bjorkebraten.com\/sv\/\" \/>\n<meta property=\"og:site_name\" content=\"Bj\u00f6rkebr\u00e5ten Log Cabins\" \/>\n<meta property=\"article:publisher\" content=\"https:\/\/www.facebook.com\/bjorkebratenlogcabins\/\" \/>\n<meta property=\"article:modified_time\" content=\"2026-04-26T13:21:19+00:00\" \/>\n<meta property=\"og:image\" content=\"https:\/\/www.bjorkebraten.com\/wp-content\/uploads\/2018\/02\/IMG_6363-1024x768.jpg\" \/>\n\t<meta property=\"og:image:width\" content=\"1024\" \/>\n\t<meta property=\"og:image:height\" content=\"768\" \/>\n\t<meta property=\"og:image:type\" content=\"image\/jpeg\" \/>\n<meta name=\"twitter:card\" content=\"summary_large_image\" \/>\n<meta name=\"twitter:label1\" content=\"Ber\u00e4knad l\u00e4stid\" \/>\n\t<meta name=\"twitter:data1\" content=\"2 minuter\" \/>\n<script type=\"application\/ld+json\" class=\"yoast-schema-graph\">{\"@context\":\"https:\\\/\\\/schema.org\",\"@graph\":[{\"@type\":\"WebPage\",\"@id\":\"https:\\\/\\\/www.bjorkebraten.com\\\/sv\\\/\",\"url\":\"https:\\\/\\\/www.bjorkebraten.com\\\/sv\\\/\",\"name\":\"Timmerstugor i Sm\u00e5land - Bj\u00f6rkebr\u00e5ten Log Cabins\",\"isPartOf\":{\"@id\":\"https:\\\/\\\/www.bjorkebraten.com\\\/sv\\\/#website\"},\"primaryImageOfPage\":{\"@id\":\"https:\\\/\\\/www.bjorkebraten.com\\\/sv\\\/#primaryimage\"},\"image\":{\"@id\":\"https:\\\/\\\/www.bjorkebraten.com\\\/sv\\\/#primaryimage\"},\"thumbnailUrl\":\"https:\\\/\\\/www.bjorkebraten.com\\\/wp-content\\\/uploads\\\/2018\\\/02\\\/IMG_6363-1024x768.jpg\",\"datePublished\":\"2018-02-12T12:17:35+00:00\",\"dateModified\":\"2026-04-26T13:21:19+00:00\",\"description\":\"3 timmerstugor i Sm\u00e5land f\u00f6r familjer, fiskare och hund\u00e4gare. Med \u00f6ppen spis, bastu, badtunna och egen sj\u00f6. Fr\u00e5ga nu!\",\"breadcrumb\":{\"@id\":\"https:\\\/\\\/www.bjorkebraten.com\\\/sv\\\/#breadcrumb\"},\"inLanguage\":\"sv-SE\",\"potentialAction\":[{\"@type\":\"ReadAction\",\"target\":[\"https:\\\/\\\/www.bjorkebraten.com\\\/sv\\\/\"]}]},{\"@type\":\"ImageObject\",\"inLanguage\":\"sv-SE\",\"@id\":\"https:\\\/\\\/www.bjorkebraten.com\\\/sv\\\/#primaryimage\",\"url\":\"https:\\\/\\\/www.bjorkebraten.com\\\/wp-content\\\/uploads\\\/2018\\\/02\\\/IMG_6363-1024x768.jpg\",\"contentUrl\":\"https:\\\/\\\/www.bjorkebraten.com\\\/wp-content\\\/uploads\\\/2018\\\/02\\\/IMG_6363-1024x768.jpg\"},{\"@type\":\"BreadcrumbList\",\"@id\":\"https:\\\/\\\/www.bjorkebraten.com\\\/sv\\\/#breadcrumb\",\"itemListElement\":[{\"@type\":\"ListItem\",\"position\":1,\"name\":\"Home\",\"item\":\"https:\\\/\\\/www.bjorkebraten.com\\\/sv\\\/\"},{\"@type\":\"ListItem\",\"position\":2,\"name\":\"V\u00e4lkomna till Sm\u00e5land\"}]},{\"@type\":\"WebSite\",\"@id\":\"https:\\\/\\\/www.bjorkebraten.com\\\/sv\\\/#website\",\"url\":\"https:\\\/\\\/www.bjorkebraten.com\\\/sv\\\/\",\"name\":\"Bj\u00f6rkebr\u00e5ten Log Cabins\",\"description\":\"Stugsemester i Sm\u00e5land, Sverige\",\"publisher\":{\"@id\":\"https:\\\/\\\/www.bjorkebraten.com\\\/sv\\\/#organization\"},\"potentialAction\":[{\"@type\":\"SearchAction\",\"target\":{\"@type\":\"EntryPoint\",\"urlTemplate\":\"https:\\\/\\\/www.bjorkebraten.com\\\/sv\\\/?s={search_term_string}\"},\"query-input\":{\"@type\":\"PropertyValueSpecification\",\"valueRequired\":true,\"valueName\":\"search_term_string\"}}],\"inLanguage\":\"sv-SE\"},{\"@type\":\"Organization\",\"@id\":\"https:\\\/\\\/www.bjorkebraten.com\\\/sv\\\/#organization\",\"name\":\"Bj\u00f6rkebr\u00e5ten Log Cabins\",\"url\":\"https:\\\/\\\/www.bjorkebraten.com\\\/sv\\\/\",\"logo\":{\"@type\":\"ImageObject\",\"inLanguage\":\"sv-SE\",\"@id\":\"https:\\\/\\\/www.bjorkebraten.com\\\/sv\\\/#\\\/schema\\\/logo\\\/image\\\/\",\"url\":\"https:\\\/\\\/www.bjorkebraten.com\\\/wp-content\\\/uploads\\\/2023\\\/05\\\/bjoerkebraten.png\",\"contentUrl\":\"https:\\\/\\\/www.bjorkebraten.com\\\/wp-content\\\/uploads\\\/2023\\\/05\\\/bjoerkebraten.png\",\"width\":524,\"height\":262,\"caption\":\"Bj\u00f6rkebr\u00e5ten Log Cabins\"},\"image\":{\"@id\":\"https:\\\/\\\/www.bjorkebraten.com\\\/sv\\\/#\\\/schema\\\/logo\\\/image\\\/\"},\"sameAs\":[\"https:\\\/\\\/www.facebook.com\\\/bjorkebratenlogcabins\\\/\"]}]}<\/script>\n<!-- \/ Yoast SEO plugin. -->","yoast_head_json":{"title":"Timmerstugor i Sm\u00e5land - Bj\u00f6rkebr\u00e5ten Log Cabins","description":"3 timmerstugor i Sm\u00e5land f\u00f6r familjer, fiskare och hund\u00e4gare. Med \u00f6ppen spis, bastu, badtunna och egen sj\u00f6. Fr\u00e5ga nu!","robots":{"index":"index","follow":"follow","max-snippet":"max-snippet:-1","max-image-preview":"max-image-preview:large","max-video-preview":"max-video-preview:-1"},"canonical":"https:\/\/www.bjorkebraten.com\/sv\/","og_locale":"sv_SE","og_type":"article","og_title":"Timmerstugor i Sm\u00e5land - Bj\u00f6rkebr\u00e5ten Log Cabins","og_description":"3 timmerstugor i Sm\u00e5land f\u00f6r familjer, fiskare och hund\u00e4gare. Med \u00f6ppen spis, bastu, badtunna och egen sj\u00f6. Fr\u00e5ga nu!","og_url":"https:\/\/www.bjorkebraten.com\/sv\/","og_site_name":"Bj\u00f6rkebr\u00e5ten Log Cabins","article_publisher":"https:\/\/www.facebook.com\/bjorkebratenlogcabins\/","article_modified_time":"2026-04-26T13:21:19+00:00","og_image":[{"width":1024,"height":768,"url":"https:\/\/www.bjorkebraten.com\/wp-content\/uploads\/2018\/02\/IMG_6363-1024x768.jpg","type":"image\/jpeg"}],"twitter_card":"summary_large_image","twitter_misc":{"Ber\u00e4knad l\u00e4stid":"2 minuter"},"schema":{"@context":"https:\/\/schema.org","@graph":[{"@type":"WebPage","@id":"https:\/\/www.bjorkebraten.com\/sv\/","url":"https:\/\/www.bjorkebraten.com\/sv\/","name":"Timmerstugor i Sm\u00e5land - Bj\u00f6rkebr\u00e5ten Log Cabins","isPartOf":{"@id":"https:\/\/www.bjorkebraten.com\/sv\/#website"},"primaryImageOfPage":{"@id":"https:\/\/www.bjorkebraten.com\/sv\/#primaryimage"},"image":{"@id":"https:\/\/www.bjorkebraten.com\/sv\/#primaryimage"},"thumbnailUrl":"https:\/\/www.bjorkebraten.com\/wp-content\/uploads\/2018\/02\/IMG_6363-1024x768.jpg","datePublished":"2018-02-12T12:17:35+00:00","dateModified":"2026-04-26T13:21:19+00:00","description":"3 timmerstugor i Sm\u00e5land f\u00f6r familjer, fiskare och hund\u00e4gare. Med \u00f6ppen spis, bastu, badtunna och egen sj\u00f6. Fr\u00e5ga nu!","breadcrumb":{"@id":"https:\/\/www.bjorkebraten.com\/sv\/#breadcrumb"},"inLanguage":"sv-SE","potentialAction":[{"@type":"ReadAction","target":["https:\/\/www.bjorkebraten.com\/sv\/"]}]},{"@type":"ImageObject","inLanguage":"sv-SE","@id":"https:\/\/www.bjorkebraten.com\/sv\/#primaryimage","url":"https:\/\/www.bjorkebraten.com\/wp-content\/uploads\/2018\/02\/IMG_6363-1024x768.jpg","contentUrl":"https:\/\/www.bjorkebraten.com\/wp-content\/uploads\/2018\/02\/IMG_6363-1024x768.jpg"},{"@type":"BreadcrumbList","@id":"https:\/\/www.bjorkebraten.com\/sv\/#breadcrumb","itemListElement":[{"@type":"ListItem","position":1,"name":"Home","item":"https:\/\/www.bjorkebraten.com\/sv\/"},{"@type":"ListItem","position":2,"name":"V\u00e4lkomna till Sm\u00e5land"}]},{"@type":"WebSite","@id":"https:\/\/www.bjorkebraten.com\/sv\/#website","url":"https:\/\/www.bjorkebraten.com\/sv\/","name":"Bj\u00f6rkebr\u00e5ten Log Cabins","description":"Stugsemester i Sm\u00e5land, Sverige","publisher":{"@id":"https:\/\/www.bjorkebraten.com\/sv\/#organization"},"potentialAction":[{"@type":"SearchAction","target":{"@type":"EntryPoint","urlTemplate":"https:\/\/www.bjorkebraten.com\/sv\/?s={search_term_string}"},"query-input":{"@type":"PropertyValueSpecification","valueRequired":true,"valueName":"search_term_string"}}],"inLanguage":"sv-SE"},{"@type":"Organization","@id":"https:\/\/www.bjorkebraten.com\/sv\/#organization","name":"Bj\u00f6rkebr\u00e5ten Log Cabins","url":"https:\/\/www.bjorkebraten.com\/sv\/","logo":{"@type":"ImageObject","inLanguage":"sv-SE","@id":"https:\/\/www.bjorkebraten.com\/sv\/#\/schema\/logo\/image\/","url":"https:\/\/www.bjorkebraten.com\/wp-content\/uploads\/2023\/05\/bjoerkebraten.png","contentUrl":"https:\/\/www.bjorkebraten.com\/wp-content\/uploads\/2023\/05\/bjoerkebraten.png","width":524,"height":262,"caption":"Bj\u00f6rkebr\u00e5ten Log Cabins"},"image":{"@id":"https:\/\/www.bjorkebraten.com\/sv\/#\/schema\/logo\/image\/"},"sameAs":["https:\/\/www.facebook.com\/bjorkebratenlogcabins\/"]}]}},"_links":{"self":[{"href":"https:\/\/www.bjorkebraten.com\/sv\/wp-json\/wp\/v2\/pages\/1763","targetHints":{"allow":["GET"]}}],"collection":[{"href":"https:\/\/www.bjorkebraten.com\/sv\/wp-json\/wp\/v2\/pages"}],"about":[{"href":"https:\/\/www.bjorkebraten.com\/sv\/wp-json\/wp\/v2\/types\/page"}],"author":[{"embeddable":true,"href":"https:\/\/www.bjorkebraten.com\/sv\/wp-json\/wp\/v2\/users\/1"}],"replies":[{"embeddable":true,"href":"https:\/\/www.bjorkebraten.com\/sv\/wp-json\/wp\/v2\/comments?post=1763"}],"version-history":[{"count":11,"href":"https:\/\/www.bjorkebraten.com\/sv\/wp-json\/wp\/v2\/pages\/1763\/revisions"}],"predecessor-version":[{"id":2249,"href":"https:\/\/www.bjorkebraten.com\/sv\/wp-json\/wp\/v2\/pages\/1763\/revisions\/2249"}],"wp:attachment":[{"href":"https:\/\/www.bjorkebraten.com\/sv\/wp-json\/wp\/v2\/media?parent=1763"}],"curies":[{"name":"wp","href":"https:\/\/api.w.org\/{rel}","templated":true}]}}